{"id":2192,"date":"2020-06-02T16:52:16","date_gmt":"2020-06-02T14:52:16","guid":{"rendered":"https:\/\/www.h-italia.com\/la-vacanza-in-sicurezza\/"},"modified":"2022-05-26T10:54:20","modified_gmt":"2022-05-26T08:54:20","slug":"la-vacanza-in-sicurezza","status":"publish","type":"page","link":"https:\/\/www.h-italia.com\/de\/la-vacanza-in-sicurezza\/","title":{"rendered":"Urlaub 2022"},"content":{"rendered":"<div><\/div>\n<div><\/div>\n<div style=\"text-align: center\">\n<p>Alle n\u00f6tigen und m\u00f6glichen Vorkehrungen werden im Haus getroffen, damit Sie sich auch in dieses Jahr wohlf\u00fchlen.<\/p>\n<p>&nbsp;<\/p>\n<p><strong>Viel Platz in den Gemeinschaftsr\u00e4umen<\/strong><br \/>\nUnsere \u00f6ffentlichen Bereiche sind bereits sehr ger\u00e4umig. Trotzdem haben wir uns dazu entschlossen, mit nur 80% der verf\u00fcgbaren Zimmer zu arbeiten. Das hilft uns zus\u00e4tzlich die vorgegebenen Sicherheitsma\u00dfnahmen ohne Probleme einzuhalten und zu garantieren.<\/p>\n<p><strong>Maskenpflicht<\/strong><br \/>\nDie Maskenpflicht ist nicht mehr g\u00fcltig, aber wir bitten unsere G\u00e4ste die Maske im Restaurant und besonders am Buffet trotzdem zu tragen.<\/p>\n<p><strong>Reinigung und Desinfektionsmittel<\/strong><br \/>\nWir haben stets gr\u00f6\u00dften Wert auf Reinigung und Hygiene gelegt. Wir erg\u00e4nzen unser Reinigungsprogramm durch die Desinfektion der R\u00e4ume. Die \u00f6ffentlichen Bereiche werden mehrmals am Tag desinfiziert und an vielen Stellen der Hotelanlage k\u00f6nnen Sie jederzeit Ihre H\u00e4nde hygienisch reinigen.<\/p>\n<p><strong>Schwimmbad<\/strong><br \/>\nDas im Pool verwendete Chlor ist ein Desinfektionsmittel, das Keime und Krankheitserreger im Wasser abt\u00f6tet, die nicht von der Filteranlage entfernt werden k\u00f6nnen.<\/p>\n<p><strong>Online-Check-in<\/strong><br \/>\nDer Check-In kann einige Tage vor Ihrer Anreise von zu Hause aus gemacht werden. Sollte dies gew\u00fcnscht sein, senden wir Ihnen daf\u00fcr eine E-Mail mit dem entsprechenden Formular, das Sie gem\u00fctlich daheim ausf\u00fcllen k\u00f6nnen.<\/p>\n<p>&nbsp;<\/p>\n<\/div>\n<p>&nbsp;<\/p>\n<p>&nbsp;<\/p>\n<p>&nbsp;<\/p>\n<p>&nbsp;<\/p>\n<p>&nbsp;<\/p>\n","protected":false},"excerpt":{"rendered":"<p>Alle n\u00f6tigen und m\u00f6glichen Vorkehrungen werden im Haus getroffen, damit Sie sich auch in dieses Jahr wohlf\u00fchlen. &nbsp; Viel Platz in den Gemeinschaftsr\u00e4umen Unsere \u00f6ffentlichen Bereiche sind bereits sehr ger\u00e4umig. Trotzdem haben wir uns dazu entschlossen, mit nur 80% der verf\u00fcgbaren Zimmer zu arbeiten. Das hilft uns zus\u00e4tzlich die vorgegebenen Sicherheitsma\u00dfnahmen ohne Probleme einzuhalten und zu garantieren. Maskenpflicht Die Maskenpflicht ist nicht mehr g\u00fcltig, aber wir bitten unsere G\u00e4ste die &#8230;<\/p>\n","protected":false},"author":7,"featured_media":0,"parent":0,"menu_order":0,"comment_status":"closed","ping_status":"closed","template":"","meta":{"_acf_changed":false},"class_list":["post-2192","page","type-page","status-publish"],"acf":[],"_links":{"self":[{"href":"https:\/\/www.h-italia.com\/de\/wp-json\/wp\/v2\/pages\/2192","targetHints":{"allow":["GET"]}}],"collection":[{"href":"https:\/\/www.h-italia.com\/de\/wp-json\/wp\/v2\/pages"}],"about":[{"href":"https:\/\/www.h-italia.com\/de\/wp-json\/wp\/v2\/types\/page"}],"author":[{"embeddable":true,"href":"https:\/\/www.h-italia.com\/de\/wp-json\/wp\/v2\/users\/7"}],"replies":[{"embeddable":true,"href":"https:\/\/www.h-italia.com\/de\/wp-json\/wp\/v2\/comments?post=2192"}],"version-history":[{"count":0,"href":"https:\/\/www.h-italia.com\/de\/wp-json\/wp\/v2\/pages\/2192\/revisions"}],"wp:attachment":[{"href":"https:\/\/www.h-italia.com\/de\/wp-json\/wp\/v2\/media?parent=2192"}],"curies":[{"name":"wp","href":"https:\/\/api.w.org\/{rel}","templated":true}]}}