{"id":539,"date":"2017-09-27T10:16:03","date_gmt":"2017-09-27T08:16:03","guid":{"rendered":"https:\/\/www.h-italia.com\/ristorante\/"},"modified":"2017-11-27T11:08:02","modified_gmt":"2017-11-27T10:08:02","slug":"restaurant","status":"publish","type":"page","link":"https:\/\/www.h-italia.com\/de\/restaurant\/","title":{"rendered":"Restaurant"},"content":{"rendered":"<h2>Romagnolische Tradition und internationale K\u00fcche treffen sich in k\u00f6stlichen kulinarischen Spezialit\u00e4ten.<\/h2>\n<p>Im gem\u00fctlichen und klimatisierten Restaurant servieren wir jeden Morgen ein k\u00f6stliches <strong>Fr\u00fchst\u00fccksbuffet<\/strong>, und mittags und abends begleiten wir unsere abwechslungsreichen <strong>Men\u00fcs mit ausgiebigen Gem\u00fcsebuffets<\/strong>.<\/p>\n","protected":false},"excerpt":{"rendered":"<p>Romagnolische Tradition und internationale K\u00fcche treffen sich in k\u00f6stlichen kulinarischen Spezialit\u00e4ten. Im gem\u00fctlichen und klimatisierten Restaurant servieren wir jeden Morgen ein k\u00f6stliches Fr\u00fchst\u00fccksbuffet, und mittags und abends begleiten wir unsere abwechslungsreichen Men\u00fcs mit ausgiebigen Gem\u00fcsebuffets.<\/p>\n","protected":false},"author":1,"featured_media":0,"parent":0,"menu_order":0,"comment_status":"closed","ping_status":"closed","template":"","meta":{"_acf_changed":false},"class_list":["post-539","page","type-page","status-publish"],"acf":[],"_links":{"self":[{"href":"https:\/\/www.h-italia.com\/de\/wp-json\/wp\/v2\/pages\/539","targetHints":{"allow":["GET"]}}],"collection":[{"href":"https:\/\/www.h-italia.com\/de\/wp-json\/wp\/v2\/pages"}],"about":[{"href":"https:\/\/www.h-italia.com\/de\/wp-json\/wp\/v2\/types\/page"}],"author":[{"embeddable":true,"href":"https:\/\/www.h-italia.com\/de\/wp-json\/wp\/v2\/users\/1"}],"replies":[{"embeddable":true,"href":"https:\/\/www.h-italia.com\/de\/wp-json\/wp\/v2\/comments?post=539"}],"version-history":[{"count":0,"href":"https:\/\/www.h-italia.com\/de\/wp-json\/wp\/v2\/pages\/539\/revisions"}],"wp:attachment":[{"href":"https:\/\/www.h-italia.com\/de\/wp-json\/wp\/v2\/media?parent=539"}],"curies":[{"name":"wp","href":"https:\/\/api.w.org\/{rel}","templated":true}]}}