{"id":579,"date":"2017-09-27T10:32:43","date_gmt":"2017-09-27T08:32:43","guid":{"rendered":"https:\/\/www.h-italia.com\/spiaggia\/"},"modified":"2017-10-31T15:07:28","modified_gmt":"2017-10-31T14:07:28","slug":"strand","status":"publish","type":"page","link":"https:\/\/www.h-italia.com\/de\/strand\/","title":{"rendered":"Der Strand"},"content":{"rendered":"<h2>Hotel Bellaria direkt am Strand<\/h2>\n<p><strong>Der endlos feine Sandstrand<\/strong>, auf dem die Kinder frei herumtollen k\u00f6nnen, auf dem man den eigenen Lieblingssport betreiben oder unter der Sonne faulenzen kann. Weit weg vom Alltagsstre\u00df. <strong>Der Familienstrand<\/strong>. Sauberer Sand, flaches Wasser, bunte Sonnenschirme, Strandst\u00fchle, Tretboote, <strong>Spiele f\u00fcr Kinder<\/strong>, gutausgestattete Bars, Rettungsschwimmer und die Organisation und Hingabe der <strong>Bagnini garantieren der Familie<\/strong> einen lustigen und angenehmen Urlaub in Igea Marina. <strong>Ein energievoller Strand<\/strong>. Nicht nur Sonne, sondern auch <strong>Sport und Unterhaltung<\/strong>. Von den traditionellen \u201ebocce\u201c zu<strong> Beachvolley<\/strong>, vom <strong>Strandtennis<\/strong> zum <strong>Strandfu\u00dfball<\/strong> und lustigen Aktivit\u00e4ten wie <strong>Wassergymnastik<\/strong>, <strong>Aerobic und lateinamerikanische T\u00e4nze<\/strong>. Die Langeweile ist verbannt!!<\/p>\n","protected":false},"excerpt":{"rendered":"<p>Hotel Bellaria direkt am Strand Der endlos feine Sandstrand, auf dem die Kinder frei herumtollen k\u00f6nnen, auf dem man den eigenen Lieblingssport betreiben oder unter der Sonne faulenzen kann. Weit weg vom Alltagsstre\u00df. Der Familienstrand. Sauberer Sand, flaches Wasser, bunte Sonnenschirme, Strandst\u00fchle, Tretboote, Spiele f\u00fcr Kinder, gutausgestattete Bars, Rettungsschwimmer und die Organisation und Hingabe der Bagnini garantieren der Familie einen lustigen und angenehmen Urlaub in Igea Marina. Ein energievoller Strand. &#8230;<\/p>\n","protected":false},"author":1,"featured_media":0,"parent":0,"menu_order":0,"comment_status":"closed","ping_status":"closed","template":"","meta":{"_acf_changed":false},"class_list":["post-579","page","type-page","status-publish"],"acf":[],"_links":{"self":[{"href":"https:\/\/www.h-italia.com\/de\/wp-json\/wp\/v2\/pages\/579","targetHints":{"allow":["GET"]}}],"collection":[{"href":"https:\/\/www.h-italia.com\/de\/wp-json\/wp\/v2\/pages"}],"about":[{"href":"https:\/\/www.h-italia.com\/de\/wp-json\/wp\/v2\/types\/page"}],"author":[{"embeddable":true,"href":"https:\/\/www.h-italia.com\/de\/wp-json\/wp\/v2\/users\/1"}],"replies":[{"embeddable":true,"href":"https:\/\/www.h-italia.com\/de\/wp-json\/wp\/v2\/comments?post=579"}],"version-history":[{"count":0,"href":"https:\/\/www.h-italia.com\/de\/wp-json\/wp\/v2\/pages\/579\/revisions"}],"wp:attachment":[{"href":"https:\/\/www.h-italia.com\/de\/wp-json\/wp\/v2\/media?parent=579"}],"curies":[{"name":"wp","href":"https:\/\/api.w.org\/{rel}","templated":true}]}}