{"id":590,"date":"2017-09-27T10:14:44","date_gmt":"2017-09-27T08:14:44","guid":{"rendered":"https:\/\/www.h-italia.com\/listino-prezzi\/"},"modified":"2025-02-04T14:41:26","modified_gmt":"2025-02-04T13:41:26","slug":"preisliste","status":"publish","type":"page","link":"https:\/\/www.h-italia.com\/de\/preisliste\/","title":{"rendered":"Preisliste"},"content":{"rendered":"<table>\n<tbody>\n<tr>\n<td><strong>Sommer 2025<\/strong><\/td>\n<td><a href=\"https:\/\/www.h-italia.com\/de\/camere\/superior\/\"><strong>Superior<\/strong><\/a><\/td>\n<td><a href=\"https:\/\/www.h-italia.com\/de\/camere\/zimmer-comfort-family\/\"><strong>Comfort<\/strong><\/a><br \/>\n<a href=\"https:\/\/www.h-italia.com\/de\/camere\/zimmer-comfort-family\/\"><strong>Family<\/strong><\/a><\/td>\n<td><a href=\"https:\/\/www.h-italia.com\/de\/camere\/comfort\/\"><strong>Comfor<\/strong><strong>t<\/strong><\/a><\/td>\n<td><a href=\"https:\/\/www.h-italia.com\/de\/camere\/panorama-junior-suite\/\"><strong>Panorama<\/strong><\/a><br \/>\n<a href=\"https:\/\/www.h-italia.com\/de\/camere\/panorama-junior-suite\/\"><strong> Junior Suite<\/strong><\/a><\/td>\n<\/tr>\n<tr>\n<td>Mai\/Juni<\/td>\n<td>ab \u20ac 86<\/td>\n<td>ab \u20ac 96<\/td>\n<td>ab \u20ac 82<\/td>\n<td>ab \u20ac 99<\/td>\n<\/tr>\n<tr>\n<td>Juli<\/td>\n<td>ab \u20ac 94<\/td>\n<td>ab \u20ac 104<\/td>\n<td>ab \u20ac 90<\/td>\n<td>ab \u20ac 108<\/td>\n<\/tr>\n<tr>\n<td>August<\/td>\n<td>ab \u20ac 106<\/td>\n<td>ab \u20ac 116<\/td>\n<td>ab \u20ac 102<\/td>\n<td>ab \u20ac 118<\/td>\n<\/tr>\n<tr>\n<td>September<\/td>\n<td>ab \u20ac 84<\/td>\n<td>ab \u20ac 94<\/td>\n<td>ab \u20ac 80<\/td>\n<td>ab \u20ac 99<\/td>\n<\/tr>\n<\/tbody>\n<\/table>\n<p><strong>\u00dcbernachtung mit Fr\u00fchst\u00fcck<\/strong> von Euro 60,00 bis Euro 210,00 am Tag pro Doppelzimmer<br \/>\n<strong>Erm\u00e4\u00dfigungen<\/strong>: Halbpension Euro 10,00 pro Person am Tag<br \/>\n<strong>Aufschl\u00e4ge: Doppelzimmer als Einzelzimmer<\/strong> Euro 20,00 am Tag nur auf Anfrage im Comfortzimmer<\/p>\n<h2>Kinderskonti im Zimmer mit zwei Vollzahlern:<\/h2>\n<ul>\n<li><strong>bis 2 Jahre zahlt Euro 20,00<\/strong><\/li>\n<li><strong>von 2 bis 7 Jahre 50% Skonto<\/strong><\/li>\n<li><strong>von 8 bis 11 Jahre 25 % Skonto<\/strong><\/li>\n<li><strong>ab 12 Jahre 10% Skonto<\/strong><\/li>\n<\/ul>\n<p>Alle Preise verstehen sich pro Person am Tag mit Vollpension und inklusive Getr\u00e4nke im Restaurant mit einem Mindestaufenthalt von 3 Tagen.<\/p>\n<p><strong>All-inklusive- Aufschlag:<\/strong> 1 Sonnenschirm mit 2 Liegen am Stand: Euro 141,00 (ausgenommen vom 6. August bis 6. September) pro Zimmer f\u00fcr eine Woche, direkt beim Bademeister zu begleichen<\/p>\n<p><strong>Wochenende und Aufenthalte unter 3 Tagen<\/strong>: Aufschlag Euro 12,00 pro Person am Tag<\/p>\n<p><em>Um verbindlich zu buchen, bitten wir unsere G\u00e4ste eine Anzahlung zu leisten, die, im Falle einer Absage nicht zur\u00fcckgegeben wird, aber an Dritte abgegeben oder innerhalb des folgenden Sommers ben\u00fctzt werden kann. <\/em><\/p>\n","protected":false},"excerpt":{"rendered":"<p>Sommer 2025 Superior Comfort Family Comfort Panorama Junior Suite Mai\/Juni ab \u20ac 86 ab \u20ac 96 ab \u20ac 82 ab \u20ac 99 Juli ab \u20ac 94 ab \u20ac 104 ab \u20ac 90 ab \u20ac 108 August ab \u20ac 106 ab \u20ac 116 ab \u20ac 102 ab \u20ac 118 September ab \u20ac 84 ab \u20ac 94 ab \u20ac 80 ab \u20ac 99 \u00dcbernachtung mit Fr\u00fchst\u00fcck von Euro 60,00 bis Euro 210,00 &#8230;<\/p>\n","protected":false},"author":1,"featured_media":0,"parent":0,"menu_order":0,"comment_status":"closed","ping_status":"closed","template":"","meta":{"_acf_changed":false},"class_list":["post-590","page","type-page","status-publish"],"acf":[],"_links":{"self":[{"href":"https:\/\/www.h-italia.com\/de\/wp-json\/wp\/v2\/pages\/590","targetHints":{"allow":["GET"]}}],"collection":[{"href":"https:\/\/www.h-italia.com\/de\/wp-json\/wp\/v2\/pages"}],"about":[{"href":"https:\/\/www.h-italia.com\/de\/wp-json\/wp\/v2\/types\/page"}],"author":[{"embeddable":true,"href":"https:\/\/www.h-italia.com\/de\/wp-json\/wp\/v2\/users\/1"}],"replies":[{"embeddable":true,"href":"https:\/\/www.h-italia.com\/de\/wp-json\/wp\/v2\/comments?post=590"}],"version-history":[{"count":0,"href":"https:\/\/www.h-italia.com\/de\/wp-json\/wp\/v2\/pages\/590\/revisions"}],"wp:attachment":[{"href":"https:\/\/www.h-italia.com\/de\/wp-json\/wp\/v2\/media?parent=590"}],"curies":[{"name":"wp","href":"https:\/\/api.w.org\/{rel}","templated":true}]}}