{"id":617,"date":"2017-10-24T11:43:06","date_gmt":"2017-10-24T09:43:06","guid":{"rendered":"https:\/\/www.h-italia.com\/fiere-e-congressi\/"},"modified":"2019-04-02T15:01:29","modified_gmt":"2019-04-02T13:01:29","slug":"messen-und-kongresse","status":"publish","type":"page","link":"https:\/\/www.h-italia.com\/de\/messen-und-kongresse\/","title":{"rendered":"Messen und Kongresse"},"content":{"rendered":"<p>Um gute Gesch\u00e4fte abzuschlie\u00dfen gibt es nichts besseres als die Messe in k\u00fcrzester Zeit zu erreichen und in einem angenehmen und komfortablen Ambiente zu wohnen.<\/p>\n<div class=\"edt-row-shortcode row\"><div class=\"edt-div-shortcode edt-col-2\"><\/p>\n<h3>Hotel Italia bietet folgende Service f\u00fcr Messebesucher und Messeaussteller an:<\/h3>\n<ul>\n<li><strong>Superiorzimmer<\/strong><\/li>\n<li>Internet point<\/li>\n<li><strong>Messetransfert<\/strong><\/li>\n<li>Receptionservice 24h\/24<\/li>\n<li>Winebar<\/li>\n<li><strong>Kleiner Kongressaal<\/strong><\/li>\n<\/ul>\n<h3>Preise:<\/h3>\n<ul>\n<li><strong>Doppelzimmer superior von Euro 70,00 bis Euro 90,00<\/strong><\/li>\n<li><strong>Doppelzimmer superior als Einzelzimmer Euro 50,00<\/strong><\/li>\n<\/ul>\n<p><\/div><div class=\"edt-div-shortcode edt-col-2\"><\/p>\n<h3>Superiorzimmer:<\/h3>\n<ul>\n<li>Klimaanlage\/Heizung<\/li>\n<li>TV SAT<\/li>\n<li>Telefon<\/li>\n<li>Safe<\/li>\n<li>Minifrigo<\/li>\n<li>Badezimmer mit Dusche und F\u00f6hn<\/li>\n<\/ul>\n<p><\/div><\/div>\n","protected":false},"excerpt":{"rendered":"<p>Um gute Gesch\u00e4fte abzuschlie\u00dfen gibt es nichts besseres als die Messe in k\u00fcrzester Zeit zu erreichen und in einem angenehmen und komfortablen Ambiente zu wohnen.<\/p>\n","protected":false},"author":1,"featured_media":0,"parent":0,"menu_order":0,"comment_status":"closed","ping_status":"closed","template":"","meta":{"_acf_changed":false},"class_list":["post-617","page","type-page","status-publish"],"acf":[],"_links":{"self":[{"href":"https:\/\/www.h-italia.com\/de\/wp-json\/wp\/v2\/pages\/617","targetHints":{"allow":["GET"]}}],"collection":[{"href":"https:\/\/www.h-italia.com\/de\/wp-json\/wp\/v2\/pages"}],"about":[{"href":"https:\/\/www.h-italia.com\/de\/wp-json\/wp\/v2\/types\/page"}],"author":[{"embeddable":true,"href":"https:\/\/www.h-italia.com\/de\/wp-json\/wp\/v2\/users\/1"}],"replies":[{"embeddable":true,"href":"https:\/\/www.h-italia.com\/de\/wp-json\/wp\/v2\/comments?post=617"}],"version-history":[{"count":0,"href":"https:\/\/www.h-italia.com\/de\/wp-json\/wp\/v2\/pages\/617\/revisions"}],"wp:attachment":[{"href":"https:\/\/www.h-italia.com\/de\/wp-json\/wp\/v2\/media?parent=617"}],"curies":[{"name":"wp","href":"https:\/\/api.w.org\/{rel}","templated":true}]}}