{"id":643,"date":"2017-10-25T13:17:40","date_gmt":"2017-10-25T11:17:40","guid":{"rendered":"https:\/\/www.h-italia.com\/entroterra\/"},"modified":"2017-11-27T11:54:30","modified_gmt":"2017-11-27T10:54:30","slug":"hinterland","status":"publish","type":"page","link":"https:\/\/www.h-italia.com\/de\/hinterland\/","title":{"rendered":"Hinterland"},"content":{"rendered":"<h2>Entdecken sie mittelalterliche D\u00f6rfer und atemberaubende Landschaften<\/h2>\n<p>Die Umgebung ist reich an <strong>D\u00f6rfern<\/strong>, die Ihren mittelalterlichen <strong>Charme erhalten<\/strong>. Entdecken Sie sie mit uns:<\/p>\n<div class=\"edt-row-shortcode row\"><div class=\"edt-div-shortcode edt-col-2\"><\/p>\n<ul>\n<li>Torriana<\/li>\n<li>Gemmano<\/li>\n<li>San Leo<\/li>\n<li>Santarcangelo<\/li>\n<li>Verucchio<\/li>\n<li>Faenza<\/li>\n<\/ul>\n<p><\/div><div class=\"edt-div-shortcode edt-col-2\"><\/p>\n<ul>\n<li>Mercatino Conca &#8211; Montegrimano<\/li>\n<li>Gradara<\/li>\n<li>Valconca<\/li>\n<li>San Marino<\/li>\n<li>Urbino<\/li>\n<\/ul>\n<p><\/div><\/div>\n<p>Das Hinterland ist reich an Kultur , <strong>sch\u00f6nen Landschaften und atemberauenden Ausblicken.<\/strong><\/p>\n","protected":false},"excerpt":{"rendered":"<p>Entdecken sie mittelalterliche D\u00f6rfer und atemberaubende Landschaften Die Umgebung ist reich an D\u00f6rfern, die Ihren mittelalterlichen Charme erhalten. Entdecken Sie sie mit uns: Das Hinterland ist reich an Kultur , sch\u00f6nen Landschaften und atemberauenden Ausblicken.<\/p>\n","protected":false},"author":1,"featured_media":0,"parent":0,"menu_order":0,"comment_status":"closed","ping_status":"closed","template":"","meta":{"_acf_changed":false},"class_list":["post-643","page","type-page","status-publish"],"acf":[],"_links":{"self":[{"href":"https:\/\/www.h-italia.com\/de\/wp-json\/wp\/v2\/pages\/643","targetHints":{"allow":["GET"]}}],"collection":[{"href":"https:\/\/www.h-italia.com\/de\/wp-json\/wp\/v2\/pages"}],"about":[{"href":"https:\/\/www.h-italia.com\/de\/wp-json\/wp\/v2\/types\/page"}],"author":[{"embeddable":true,"href":"https:\/\/www.h-italia.com\/de\/wp-json\/wp\/v2\/users\/1"}],"replies":[{"embeddable":true,"href":"https:\/\/www.h-italia.com\/de\/wp-json\/wp\/v2\/comments?post=643"}],"version-history":[{"count":0,"href":"https:\/\/www.h-italia.com\/de\/wp-json\/wp\/v2\/pages\/643\/revisions"}],"wp:attachment":[{"href":"https:\/\/www.h-italia.com\/de\/wp-json\/wp\/v2\/media?parent=643"}],"curies":[{"name":"wp","href":"https:\/\/api.w.org\/{rel}","templated":true}]}}