{"id":708,"date":"2016-07-29T12:11:55","date_gmt":"2016-07-29T10:11:55","guid":{"rendered":"https:\/\/www.h-italia.com\/pagina-di-esempio\/"},"modified":"2017-12-21T15:32:01","modified_gmt":"2017-12-21T14:32:01","slug":"pagina-di-esempio","status":"publish","type":"page","link":"https:\/\/www.h-italia.com\/de\/","title":{"rendered":"Relax und Vergn\u00fcgen!"},"content":{"rendered":"<h2>Viel Meer, Relax und Vergn\u00fcgen!<\/h2>\n<p>Das<strong> Hotel Italia in Bellaria<\/strong> ist das richtige Ziel Ihre Ferien in an der Romagna K\u00fcste zu verbringen. Das Hotel ist konfortables <strong>3-Sterne-Haus nur 5 Meter vom Strand<\/strong> entfernt und verf\u00fcgt \u00fcber einen gro\u00dfen Swimmingpool direkt am Meer.<\/p>\n<p>Raffinierte und gem\u00fctliche Gemeinschaftsr\u00e4ume,<strong> komfortable Zimmer<\/strong>, <strong>Suite mit Meerblick<\/strong>, <strong>gro\u00dfes Schwimmbad direkt am Strand<\/strong> und unser Restaurant, wo Sie unseren feine <strong>Fleisch- und Fischgerichte<\/strong> genie\u00dfen k\u00f6nnen.<br \/>\n<strong>Ideales Ziel f\u00fcr Familien<\/strong>, Dank unseren Aufmerksamkeit, die wir unseren kleinsten G\u00e4sten schenken\u2026<\/p>\n<p>Wenn Sie ein Hotel suchen um einen erholsamen, ruhigen und erfolgreichen Urlaub zu verbringen, sind Sie auf der richtigen Homepage gestrandet.<\/p>\n<h3>Die Familie Cesari erwartet Sie in Bellaria Igea Marina<\/h3>\n","protected":false},"excerpt":{"rendered":"<p>Viel Meer, Relax und Vergn\u00fcgen! Das Hotel Italia in Bellaria ist das richtige Ziel Ihre Ferien in an der Romagna K\u00fcste zu verbringen. Das Hotel ist konfortables 3-Sterne-Haus nur 5 Meter vom Strand entfernt und verf\u00fcgt \u00fcber einen gro\u00dfen Swimmingpool direkt am Meer. Raffinierte und gem\u00fctliche Gemeinschaftsr\u00e4ume, komfortable Zimmer, Suite mit Meerblick, gro\u00dfes Schwimmbad direkt am Strand und unser Restaurant, wo Sie unseren feine Fleisch- und Fischgerichte genie\u00dfen k\u00f6nnen. Ideales &#8230;<\/p>\n","protected":false},"author":1,"featured_media":1405,"parent":0,"menu_order":0,"comment_status":"closed","ping_status":"closed","template":"","meta":{"_acf_changed":false},"class_list":["post-708","page","type-page","status-publish","has-post-thumbnail"],"acf":[],"_links":{"self":[{"href":"https:\/\/www.h-italia.com\/de\/wp-json\/wp\/v2\/pages\/708","targetHints":{"allow":["GET"]}}],"collection":[{"href":"https:\/\/www.h-italia.com\/de\/wp-json\/wp\/v2\/pages"}],"about":[{"href":"https:\/\/www.h-italia.com\/de\/wp-json\/wp\/v2\/types\/page"}],"author":[{"embeddable":true,"href":"https:\/\/www.h-italia.com\/de\/wp-json\/wp\/v2\/users\/1"}],"replies":[{"embeddable":true,"href":"https:\/\/www.h-italia.com\/de\/wp-json\/wp\/v2\/comments?post=708"}],"version-history":[{"count":0,"href":"https:\/\/www.h-italia.com\/de\/wp-json\/wp\/v2\/pages\/708\/revisions"}],"wp:featuredmedia":[{"embeddable":true,"href":"https:\/\/www.h-italia.com\/de\/wp-json\/wp\/v2\/media\/1405"}],"wp:attachment":[{"href":"https:\/\/www.h-italia.com\/de\/wp-json\/wp\/v2\/media?parent=708"}],"curies":[{"name":"wp","href":"https:\/\/api.w.org\/{rel}","templated":true}]}}