{"id":2191,"date":"2020-06-02T16:52:16","date_gmt":"2020-06-02T14:52:16","guid":{"rendered":"https:\/\/www.h-italia.com\/la-vacanza-in-sicurezza\/"},"modified":"2022-05-26T10:57:52","modified_gmt":"2022-05-26T08:57:52","slug":"la-vacanza-in-sicurezza","status":"publish","type":"page","link":"https:\/\/www.h-italia.com\/fr\/la-vacanza-in-sicurezza\/","title":{"rendered":"La vacanza in sicurezza"},"content":{"rendered":"<p dir=\"ltr\">\n<p style=\"text-align: center\"><b>\u00a0<\/b><\/p>\n<p dir=\"ltr\" style=\"text-align: center\"><strong>Libert\u00e9 dans les espaces<\/strong><b><\/b><\/p>\n<p dir=\"ltr\" style=\"text-align: center\">Les parties communes sont d\u00e9j\u00e0 spacieuses et la d\u00e9cision de fermer un tiers des chambres disponibles nous garantit encore plus de libert\u00e9 de mouvement.<\/p>\n<p style=\"text-align: center\"><b>\u00a0<\/b><\/p>\n<p dir=\"ltr\" style=\"text-align: center\"><strong>Petit d\u00e9jeuner et restaurant<\/strong><b><\/b><\/p>\n<p id=\"tw-target-text\" class=\"tw-data-text tw-text-large tw-ta\" dir=\"ltr\" style=\"text-align: center\" data-placeholder=\"Traduzione\">Nous vous demandons de vous munir du masque hygi\u00e9nique \u00e0 l&rsquo;entr\u00e9e du restaurant et au buffet.<\/p>\n<p style=\"text-align: center\"><b>\u00a0<\/b><\/p>\n<p dir=\"ltr\" style=\"text-align: center\"><strong>Nettoyage et gel<\/strong><b><\/b><\/p>\n<p dir=\"ltr\" style=\"text-align: center\">Nous avons toujours accord\u00e9 la plus grande attention au nettoyage, cette ann\u00e9e nous ajoutons la d\u00e9sinfection des chambres avec les produits appropri\u00e9s. Les parties communes sont d\u00e9sinfect\u00e9es plusieurs fois par jour et il y aura \u00e0 disposition de nombreux emplacements o\u00f9 se d\u00e9sinfecter les mains.<\/p>\n<p style=\"text-align: center\"><b>\u00a0<\/b><\/p>\n<p dir=\"ltr\" style=\"text-align: center\"><strong>Piscine<\/strong><b><\/b><\/p>\n<p dir=\"ltr\" style=\"text-align: center\">Le chlore utilis\u00e9 dans la piscine est d\u00e9j\u00e0 l&rsquo;un des d\u00e9sinfectants les plus courants et est capable d&rsquo;\u00e9liminer les virus et les bact\u00e9ries. <b><\/b><\/p>\n<p dir=\"ltr\">\n<p dir=\"ltr\" style=\"text-align: center\"><strong>Enregistrement en ligne<\/strong><b><\/b><\/p>\n<p dir=\"ltr\" style=\"text-align: center\">L&rsquo;enregistrement peut \u00eatre effectu\u00e9 en toute s\u00e9curit\u00e9 depuis votre domicile avant votre arriv\u00e9e.<\/p>\n<p dir=\"ltr\" style=\"text-align: center\">\n<p>&nbsp;<\/p>\n","protected":false},"excerpt":{"rendered":"<p>\u00a0 Libert\u00e9 dans les espaces Les parties communes sont d\u00e9j\u00e0 spacieuses et la d\u00e9cision de fermer un tiers des chambres disponibles nous garantit encore plus de libert\u00e9 de mouvement. \u00a0 Petit d\u00e9jeuner et restaurant Nous vous demandons de vous munir du masque hygi\u00e9nique \u00e0 l&rsquo;entr\u00e9e du restaurant et au buffet. \u00a0 Nettoyage et gel Nous avons toujours accord\u00e9 la plus grande attention au nettoyage, cette ann\u00e9e nous ajoutons la d\u00e9sinfection &#8230;<\/p>\n","protected":false},"author":7,"featured_media":0,"parent":0,"menu_order":0,"comment_status":"closed","ping_status":"closed","template":"","meta":{"_acf_changed":false},"class_list":["post-2191","page","type-page","status-publish"],"acf":[],"_links":{"self":[{"href":"https:\/\/www.h-italia.com\/fr\/wp-json\/wp\/v2\/pages\/2191","targetHints":{"allow":["GET"]}}],"collection":[{"href":"https:\/\/www.h-italia.com\/fr\/wp-json\/wp\/v2\/pages"}],"about":[{"href":"https:\/\/www.h-italia.com\/fr\/wp-json\/wp\/v2\/types\/page"}],"author":[{"embeddable":true,"href":"https:\/\/www.h-italia.com\/fr\/wp-json\/wp\/v2\/users\/7"}],"replies":[{"embeddable":true,"href":"https:\/\/www.h-italia.com\/fr\/wp-json\/wp\/v2\/comments?post=2191"}],"version-history":[{"count":0,"href":"https:\/\/www.h-italia.com\/fr\/wp-json\/wp\/v2\/pages\/2191\/revisions"}],"wp:attachment":[{"href":"https:\/\/www.h-italia.com\/fr\/wp-json\/wp\/v2\/media?parent=2191"}],"curies":[{"name":"wp","href":"https:\/\/api.w.org\/{rel}","templated":true}]}}