{"id":538,"date":"2017-09-27T10:16:03","date_gmt":"2017-09-27T08:16:03","guid":{"rendered":"https:\/\/www.h-italia.com\/ristorante\/"},"modified":"2017-10-31T11:50:46","modified_gmt":"2017-10-31T10:50:46","slug":"restaurant","status":"publish","type":"page","link":"https:\/\/www.h-italia.com\/fr\/restaurant\/","title":{"rendered":"Restaurant"},"content":{"rendered":"<h2>Depuis le temps du grand\u2014p\u00e8re Am\u00e9d\u00e9o, nous g\u00e2tons le palais de nos clients.<\/h2>\n<p>Dans le restaurant climatis\u00e9, accueillant et lumineux, le service commence chaque matin au <strong>petit d\u00e9jeuner par des riches buffets<\/strong>, pour continuer ensuite au d\u00e9jeuner et au d\u00eener avec des <strong>plats d\u00e9licieux<\/strong> qui s\u2019inspirent aux <strong>saveurs de la tradition de la Romagne et de la cuisine internationale<\/strong>, enrichies par nos invitants <strong>buffets de l\u00e9gumes et de hors-d\u2019\u0153uvres<\/strong>.<\/p>\n","protected":false},"excerpt":{"rendered":"<p>Depuis le temps du grand\u2014p\u00e8re Am\u00e9d\u00e9o, nous g\u00e2tons le palais de nos clients. Dans le restaurant climatis\u00e9, accueillant et lumineux, le service commence chaque matin au petit d\u00e9jeuner par des riches buffets, pour continuer ensuite au d\u00e9jeuner et au d\u00eener avec des plats d\u00e9licieux qui s\u2019inspirent aux saveurs de la tradition de la Romagne et de la cuisine internationale, enrichies par nos invitants buffets de l\u00e9gumes et de hors-d\u2019\u0153uvres.<\/p>\n","protected":false},"author":1,"featured_media":0,"parent":0,"menu_order":0,"comment_status":"closed","ping_status":"closed","template":"","meta":{"_acf_changed":false},"class_list":["post-538","page","type-page","status-publish"],"acf":[],"_links":{"self":[{"href":"https:\/\/www.h-italia.com\/fr\/wp-json\/wp\/v2\/pages\/538","targetHints":{"allow":["GET"]}}],"collection":[{"href":"https:\/\/www.h-italia.com\/fr\/wp-json\/wp\/v2\/pages"}],"about":[{"href":"https:\/\/www.h-italia.com\/fr\/wp-json\/wp\/v2\/types\/page"}],"author":[{"embeddable":true,"href":"https:\/\/www.h-italia.com\/fr\/wp-json\/wp\/v2\/users\/1"}],"replies":[{"embeddable":true,"href":"https:\/\/www.h-italia.com\/fr\/wp-json\/wp\/v2\/comments?post=538"}],"version-history":[{"count":0,"href":"https:\/\/www.h-italia.com\/fr\/wp-json\/wp\/v2\/pages\/538\/revisions"}],"wp:attachment":[{"href":"https:\/\/www.h-italia.com\/fr\/wp-json\/wp\/v2\/media?parent=538"}],"curies":[{"name":"wp","href":"https:\/\/api.w.org\/{rel}","templated":true}]}}