{"id":547,"date":"2017-09-27T10:16:48","date_gmt":"2017-09-27T08:16:48","guid":{"rendered":"https:\/\/www.h-italia.com\/piscina\/"},"modified":"2017-10-31T12:05:42","modified_gmt":"2017-10-31T11:05:42","slug":"piscine","status":"publish","type":"page","link":"https:\/\/www.h-italia.com\/fr\/piscine\/","title":{"rendered":"Piscine"},"content":{"rendered":"<h2>De la mer directement en piscine,<\/h2>\n<p>sans traverser la rue! Joie de vivre, l\u00e9g\u00e8ret\u00e9, bien\u2014\u00eatre, relax, distractions, nouveaux amis&#8230; il y a tous les ingr\u00e9dients pour une vacance inoubliable, loin du stress et de la routine. Notre piscine toujours caress\u00e9e par le soleil, vous permettra de rester en forme et de vous rafra\u00eechir gr\u00e2ce \u00e0 un plongeon du haut du trampoline. Pour ceux qui d\u00e9sirent apprendre \u00e0 nager, <strong>le ma\u00eetre nageur est \u00e0 disposition<\/strong>. <strong>Vous n&rsquo;avez qu&rsquo;\u00e0 descendre 3 marches pour \u00eatre sur la plage d\u2019Igea Marina<\/strong> o\u00f9 vous serez accueilli chaleureusement par nos c\u00e9l\u00e8bres Bagnini de Romagne.<\/p>\n","protected":false},"excerpt":{"rendered":"<p>De la mer directement en piscine, sans traverser la rue! Joie de vivre, l\u00e9g\u00e8ret\u00e9, bien\u2014\u00eatre, relax, distractions, nouveaux amis&#8230; il y a tous les ingr\u00e9dients pour une vacance inoubliable, loin du stress et de la routine. Notre piscine toujours caress\u00e9e par le soleil, vous permettra de rester en forme et de vous rafra\u00eechir gr\u00e2ce \u00e0 un plongeon du haut du trampoline. Pour ceux qui d\u00e9sirent apprendre \u00e0 nager, le ma\u00eetre &#8230;<\/p>\n","protected":false},"author":1,"featured_media":0,"parent":0,"menu_order":0,"comment_status":"closed","ping_status":"closed","template":"","meta":{"_acf_changed":false},"class_list":["post-547","page","type-page","status-publish"],"acf":[],"_links":{"self":[{"href":"https:\/\/www.h-italia.com\/fr\/wp-json\/wp\/v2\/pages\/547","targetHints":{"allow":["GET"]}}],"collection":[{"href":"https:\/\/www.h-italia.com\/fr\/wp-json\/wp\/v2\/pages"}],"about":[{"href":"https:\/\/www.h-italia.com\/fr\/wp-json\/wp\/v2\/types\/page"}],"author":[{"embeddable":true,"href":"https:\/\/www.h-italia.com\/fr\/wp-json\/wp\/v2\/users\/1"}],"replies":[{"embeddable":true,"href":"https:\/\/www.h-italia.com\/fr\/wp-json\/wp\/v2\/comments?post=547"}],"version-history":[{"count":0,"href":"https:\/\/www.h-italia.com\/fr\/wp-json\/wp\/v2\/pages\/547\/revisions"}],"wp:attachment":[{"href":"https:\/\/www.h-italia.com\/fr\/wp-json\/wp\/v2\/media?parent=547"}],"curies":[{"name":"wp","href":"https:\/\/api.w.org\/{rel}","templated":true}]}}