{"id":555,"date":"2017-09-27T10:33:18","date_gmt":"2017-09-27T08:33:18","guid":{"rendered":"https:\/\/www.h-italia.com\/family-hotel\/"},"modified":"2025-05-08T08:56:43","modified_gmt":"2025-05-08T06:56:43","slug":"enfants","status":"publish","type":"page","link":"https:\/\/www.h-italia.com\/fr\/enfants\/","title":{"rendered":"Enfants"},"content":{"rendered":"<h2>Dans l\u2019H\u00f4tel , est \u00e0 votre disposition une pi\u00e8ce sp\u00e9ciale pour vos enfants,<\/h2>\n<p>qui est devenue l\u2019endroit de rencontre de nos plus petits h\u00f4tes. La pi\u00e8ce tr\u00e8s color\u00e9es et \u00e9quip\u00e9e de jeux psychomoteurs permettra \u00e0 vos enfants de rester en compagnie dans leur espace et de faire de nouvelles amiti\u00e9s. Nous mettons \u00e0 disposition<strong> chaises d\u2019enfants, berceaux bords de lits et tout le n\u00e9cessaire pour vous faire passer une belle vacance avec vos enfants<\/strong>.\u00a0 Dans l\u2019\u00eele pi\u00e9tonne, les spectacles et les entret\u00e9nements agr\u00e9eront vos soir\u00e9es avec les clowns, les maquilleurs, les mimes, les musi\u00e7iens, et en outrer elles vous attendront les salles de jeux, le parc Paperopoli, le Luna Park et le parc du Gelso, id\u00e9al pour une promenade avec le v\u00e9lo en toute s\u00e9curit\u00e9.<\/p>\n","protected":false},"excerpt":{"rendered":"<p>Dans l\u2019H\u00f4tel , est \u00e0 votre disposition une pi\u00e8ce sp\u00e9ciale pour vos enfants, qui est devenue l\u2019endroit de rencontre de nos plus petits h\u00f4tes. La pi\u00e8ce tr\u00e8s color\u00e9es et \u00e9quip\u00e9e de jeux psychomoteurs permettra \u00e0 vos enfants de rester en compagnie dans leur espace et de faire de nouvelles amiti\u00e9s. Nous mettons \u00e0 disposition chaises d\u2019enfants, berceaux bords de lits et tout le n\u00e9cessaire pour vous faire passer une belle &#8230;<\/p>\n","protected":false},"author":1,"featured_media":0,"parent":0,"menu_order":0,"comment_status":"closed","ping_status":"closed","template":"","meta":{"_acf_changed":false},"class_list":["post-555","page","type-page","status-publish"],"acf":[],"_links":{"self":[{"href":"https:\/\/www.h-italia.com\/fr\/wp-json\/wp\/v2\/pages\/555","targetHints":{"allow":["GET"]}}],"collection":[{"href":"https:\/\/www.h-italia.com\/fr\/wp-json\/wp\/v2\/pages"}],"about":[{"href":"https:\/\/www.h-italia.com\/fr\/wp-json\/wp\/v2\/types\/page"}],"author":[{"embeddable":true,"href":"https:\/\/www.h-italia.com\/fr\/wp-json\/wp\/v2\/users\/1"}],"replies":[{"embeddable":true,"href":"https:\/\/www.h-italia.com\/fr\/wp-json\/wp\/v2\/comments?post=555"}],"version-history":[{"count":0,"href":"https:\/\/www.h-italia.com\/fr\/wp-json\/wp\/v2\/pages\/555\/revisions"}],"wp:attachment":[{"href":"https:\/\/www.h-italia.com\/fr\/wp-json\/wp\/v2\/media?parent=555"}],"curies":[{"name":"wp","href":"https:\/\/api.w.org\/{rel}","templated":true}]}}