{"id":578,"date":"2017-09-27T10:32:43","date_gmt":"2017-09-27T08:32:43","guid":{"rendered":"https:\/\/www.h-italia.com\/spiaggia\/"},"modified":"2017-10-31T15:14:56","modified_gmt":"2017-10-31T14:14:56","slug":"la-plage","status":"publish","type":"page","link":"https:\/\/www.h-italia.com\/fr\/la-plage\/","title":{"rendered":"La Plage"},"content":{"rendered":"<h2>Hotel Bellaria \u00e0 bord de mer Adriatique<\/h2>\n<p><strong>Une plage infinie<\/strong>, kilom\u00e8tres de plage de sable fine et claire sur laquelle les enfants et les amateurs de la vie en pleine air peuvent jouer et pratiquer librement leurs sports pr\u00e9f\u00e9r\u00e9s o\u00f9 bien s\u2019allonger sur es chaises longues au soleil loin du stress de la vie quotidienne. <strong>Une plage famili\u00e8re<\/strong>, sable propre, <strong>bas fondaux<\/strong>, parasols color\u00e9s chaises longues, <strong>jeux pour enfants<\/strong>, <strong>animation<\/strong>, bar parfaitement \u00e9quip\u00e9s,<strong> service de sauvetage<\/strong>, l\u2019organisation et la sympathique professionnalis\u00e9 des bagnino garantiront une sereine et agr\u00e9able vacance pour tout la famille sur notre rivi\u00e8re pleine de divertissements et joie de vivre.<strong> Une plage tr\u00e8s dynamique<\/strong>, pas que soleil, mais aussi sport et divertissement. Beaucoup d\u2019\u00e9tablissements sont \u00e9quip\u00e9s de structures: pour les sports de plage, la traditionnelle <strong>p\u00e9tanque<\/strong>, <strong>le beach volley<\/strong>, <strong>le beach tennis<\/strong>, <strong>le beach soccer et d\u2019amusantes activit\u00e9s comme l\u2019aquagym et les danses Latines<\/strong>.<\/p>\n","protected":false},"excerpt":{"rendered":"<p>Hotel Bellaria \u00e0 bord de mer Adriatique Une plage infinie, kilom\u00e8tres de plage de sable fine et claire sur laquelle les enfants et les amateurs de la vie en pleine air peuvent jouer et pratiquer librement leurs sports pr\u00e9f\u00e9r\u00e9s o\u00f9 bien s\u2019allonger sur es chaises longues au soleil loin du stress de la vie quotidienne. Une plage famili\u00e8re, sable propre, bas fondaux, parasols color\u00e9s chaises longues, jeux pour enfants, animation, &#8230;<\/p>\n","protected":false},"author":1,"featured_media":0,"parent":0,"menu_order":0,"comment_status":"closed","ping_status":"closed","template":"","meta":{"_acf_changed":false},"class_list":["post-578","page","type-page","status-publish"],"acf":[],"_links":{"self":[{"href":"https:\/\/www.h-italia.com\/fr\/wp-json\/wp\/v2\/pages\/578","targetHints":{"allow":["GET"]}}],"collection":[{"href":"https:\/\/www.h-italia.com\/fr\/wp-json\/wp\/v2\/pages"}],"about":[{"href":"https:\/\/www.h-italia.com\/fr\/wp-json\/wp\/v2\/types\/page"}],"author":[{"embeddable":true,"href":"https:\/\/www.h-italia.com\/fr\/wp-json\/wp\/v2\/users\/1"}],"replies":[{"embeddable":true,"href":"https:\/\/www.h-italia.com\/fr\/wp-json\/wp\/v2\/comments?post=578"}],"version-history":[{"count":0,"href":"https:\/\/www.h-italia.com\/fr\/wp-json\/wp\/v2\/pages\/578\/revisions"}],"wp:attachment":[{"href":"https:\/\/www.h-italia.com\/fr\/wp-json\/wp\/v2\/media?parent=578"}],"curies":[{"name":"wp","href":"https:\/\/api.w.org\/{rel}","templated":true}]}}