{"id":589,"date":"2017-09-27T10:14:44","date_gmt":"2017-09-27T08:14:44","guid":{"rendered":"https:\/\/www.h-italia.com\/listino-prezzi\/"},"modified":"2025-02-04T14:40:23","modified_gmt":"2025-02-04T13:40:23","slug":"prix","status":"publish","type":"page","link":"https:\/\/www.h-italia.com\/fr\/prix\/","title":{"rendered":"Prix"},"content":{"rendered":"<table>\n<tbody>\n<tr>\n<td><strong>\u00c9t\u00e9 2025<\/strong><\/td>\n<td><a href=\"https:\/\/www.h-italia.com\/fr\/camere\/superior\/\"><strong>Superior<\/strong><\/a><\/td>\n<td><a href=\"https:\/\/www.h-italia.com\/fr\/camere\/comfort-family\/\"><strong>Comfort<\/strong><\/a><br \/>\n<a href=\"https:\/\/www.h-italia.com\/fr\/camere\/comfort-family\/\"><strong>Family<\/strong><\/a><\/td>\n<td><a href=\"https:\/\/www.h-italia.com\/fr\/camere\/comfort\/\"><strong>Comfor<\/strong><strong>t<\/strong><\/a><\/td>\n<td><a href=\"https:\/\/www.h-italia.com\/fr\/camere\/panorama-junior-suite\/\"><strong>Panorama<\/strong><\/a> <a href=\"https:\/\/www.h-italia.com\/fr\/camere\/panorama-junior-suite\/\"><strong>Junior Suite<\/strong><\/a><\/td>\n<\/tr>\n<tr>\n<td>Mai\/Juin<\/td>\n<td>\u00e0 partir de \u20ac 86<\/td>\n<td>\u00e0 partir de \u20ac 96<\/td>\n<td>\u00e0 partir de \u20ac 82<\/td>\n<td>\u00e0 partir de \u20ac 99<\/td>\n<\/tr>\n<tr>\n<td>Juillet<\/td>\n<td>\u00e0 partir de \u20ac 94<\/td>\n<td>\u00e0 partir de \u20ac 104<\/td>\n<td>\u00e0 partir de \u20ac 90<\/td>\n<td>\u00e0 partir de \u20ac 108<\/td>\n<\/tr>\n<tr>\n<td>Ao\u00fbt<\/td>\n<td>\u00e0 partir de \u20ac 106<\/td>\n<td>\u00e0 partir de \u20ac 116<\/td>\n<td>\u00e0 partir de \u20ac 102<\/td>\n<td>\u00e0 partir de \u20ac 118<\/td>\n<\/tr>\n<tr>\n<td>Septembre<\/td>\n<td>\u00e0 partir de \u20ac 84<\/td>\n<td>\u00e0 partir de \u20ac 94<\/td>\n<td>\u00e0 partir de \u20ac 80<\/td>\n<td>\u00e0 partir de \u20ac 99<\/td>\n<\/tr>\n<\/tbody>\n<\/table>\n<p><strong>Nuit et petit d\u00e9jeuner :<\/strong> de \u20ac 60,00 \u00e0 \u20ac 210,00 par chambre par jour<br \/>\n<strong>R\u00e9ductions <\/strong>: demi-pension \u20ac 10,00 par jour et par personne<br \/>\n<strong>Suppl\u00e9ments<\/strong> : chambre double usage individuel 20,00 Euros par jour<\/p>\n<h2>Les enfants dans la chambre avec deux adultes :<\/h2>\n<ul>\n<li><strong>jusqu&rsquo;\u00e0 2 ans \u20ac 20,00 par jour<\/strong><\/li>\n<li><strong>de 2 \u00e0 7 ans r\u00e9duction de 50%<\/strong><\/li>\n<li><strong>de 8 \u00e0 11 ans r\u00e9duction de 25%<\/strong><\/li>\n<li><strong>de 12 ans r\u00e9duction de 10%<\/strong><\/li>\n<\/ul>\n<p>Tous les prix sont entendus par jour et par personne avec traitement de pension compl\u00e9te et les boissons compris dans le restaurant pour un s\u00e9jour d&rsquo;un minimum de trois jours.<\/p>\n<p><strong>Suppl\u00e9ment All-Inclusive :<\/strong> le forfait comprend 1 parasol et 2 transats \u00e0 la plage. Euros 141,00 par chambre pour un s\u00e9jour de 7 jour au minimum, \u00e0 regler directement avec le plagiste.<\/p>\n<p><strong>Weekend et s\u00e9jours moins de 3 jours<\/strong> : suppl\u00e9ment de 12,00 Euros par jour et par personne.<\/p>\n<p>En confirmation de la reservation, nous demandons des harres, lesquelle ne seront pas rendues en cas d&rsquo;annulation. Elles pourront \u00eatre c\u00e9d\u00e9es \u00e0 des tiers ou \u00eatre utilis\u00e9es avant la fin de la saison suivante.<\/p>\n<p>&nbsp;<\/p>\n","protected":false},"excerpt":{"rendered":"<p>\u00c9t\u00e9 2025 Superior Comfort Family Comfort Panorama Junior Suite Mai\/Juin \u00e0 partir de \u20ac 86 \u00e0 partir de \u20ac 96 \u00e0 partir de \u20ac 82 \u00e0 partir de \u20ac 99 Juillet \u00e0 partir de \u20ac 94 \u00e0 partir de \u20ac 104 \u00e0 partir de \u20ac 90 \u00e0 partir de \u20ac 108 Ao\u00fbt \u00e0 partir de \u20ac 106 \u00e0 partir de \u20ac 116 \u00e0 partir de \u20ac 102 \u00e0 partir de &#8230;<\/p>\n","protected":false},"author":1,"featured_media":0,"parent":0,"menu_order":0,"comment_status":"closed","ping_status":"closed","template":"","meta":{"_acf_changed":false},"class_list":["post-589","page","type-page","status-publish"],"acf":[],"_links":{"self":[{"href":"https:\/\/www.h-italia.com\/fr\/wp-json\/wp\/v2\/pages\/589","targetHints":{"allow":["GET"]}}],"collection":[{"href":"https:\/\/www.h-italia.com\/fr\/wp-json\/wp\/v2\/pages"}],"about":[{"href":"https:\/\/www.h-italia.com\/fr\/wp-json\/wp\/v2\/types\/page"}],"author":[{"embeddable":true,"href":"https:\/\/www.h-italia.com\/fr\/wp-json\/wp\/v2\/users\/1"}],"replies":[{"embeddable":true,"href":"https:\/\/www.h-italia.com\/fr\/wp-json\/wp\/v2\/comments?post=589"}],"version-history":[{"count":0,"href":"https:\/\/www.h-italia.com\/fr\/wp-json\/wp\/v2\/pages\/589\/revisions"}],"wp:attachment":[{"href":"https:\/\/www.h-italia.com\/fr\/wp-json\/wp\/v2\/media?parent=589"}],"curies":[{"name":"wp","href":"https:\/\/api.w.org\/{rel}","templated":true}]}}