{"id":597,"date":"2016-12-23T11:10:32","date_gmt":"2016-12-23T10:10:32","guid":{"rendered":"https:\/\/www.h-italia.com\/proposte-di-soggiorno\/"},"modified":"2017-12-06T15:20:49","modified_gmt":"2017-12-06T14:20:49","slug":"offres","status":"publish","type":"page","link":"https:\/\/www.h-italia.com\/fr\/offres\/","title":{"rendered":"Propositions de s\u00e9jour"},"content":{"rendered":"<p>D\u00e9couvrez ici toutes <strong>les offres de l&rsquo;H\u00f4tel Italia de Bellaria-Igea Marina<\/strong>. Profitez des <strong>promotions sp\u00e9ciales et r\u00e9servez imm\u00e9diatement<\/strong> Vos vacances \u00e0 la mer.<\/p>\n","protected":false},"excerpt":{"rendered":"<p>D\u00e9couvrez ici toutes les offres de l&rsquo;H\u00f4tel Italia de Bellaria-Igea Marina. Profitez des promotions sp\u00e9ciales et r\u00e9servez imm\u00e9diatement Vos vacances \u00e0 la mer.<\/p>\n","protected":false},"author":1,"featured_media":0,"parent":0,"menu_order":0,"comment_status":"closed","ping_status":"closed","template":"template\/template.offerte.php","meta":{"_acf_changed":false},"class_list":["post-597","page","type-page","status-publish"],"acf":[],"_links":{"self":[{"href":"https:\/\/www.h-italia.com\/fr\/wp-json\/wp\/v2\/pages\/597","targetHints":{"allow":["GET"]}}],"collection":[{"href":"https:\/\/www.h-italia.com\/fr\/wp-json\/wp\/v2\/pages"}],"about":[{"href":"https:\/\/www.h-italia.com\/fr\/wp-json\/wp\/v2\/types\/page"}],"author":[{"embeddable":true,"href":"https:\/\/www.h-italia.com\/fr\/wp-json\/wp\/v2\/users\/1"}],"replies":[{"embeddable":true,"href":"https:\/\/www.h-italia.com\/fr\/wp-json\/wp\/v2\/comments?post=597"}],"version-history":[{"count":0,"href":"https:\/\/www.h-italia.com\/fr\/wp-json\/wp\/v2\/pages\/597\/revisions"}],"wp:attachment":[{"href":"https:\/\/www.h-italia.com\/fr\/wp-json\/wp\/v2\/media?parent=597"}],"curies":[{"name":"wp","href":"https:\/\/api.w.org\/{rel}","templated":true}]}}