{"id":616,"date":"2017-10-24T11:43:06","date_gmt":"2017-10-24T09:43:06","guid":{"rendered":"https:\/\/www.h-italia.com\/fiere-e-congressi\/"},"modified":"2017-11-27T15:05:23","modified_gmt":"2017-11-27T14:05:23","slug":"expo-et-congres","status":"publish","type":"page","link":"https:\/\/www.h-italia.com\/fr\/expo-et-congres\/","title":{"rendered":"Expo et Congres"},"content":{"rendered":"<p>Pour faire de bonnes affaires il n\u2019y \u00e0 rien de mieux que de passer un s\u00e9jour agr\u00e9able, avec la possibilit\u00e9 de rejoindre la foire rapidement et trouver un h\u00f4tel sympathique, \u00e9l\u00e9gant et hospitalier.<\/p>\n<div class=\"edt-row-shortcode row\"><div class=\"edt-div-shortcode edt-col-2\"><\/p>\n<h3>L\u2019H\u00f4tel Italia offre les services suivantes:<\/h3>\n<ul>\n<li><strong>Chambre sup\u00e9rieur<\/strong><\/li>\n<li>Internet point<\/li>\n<li><strong>Transfert pour la foire<\/strong><\/li>\n<li>Service de r\u00e9ception 24h\/24<\/li>\n<li>Winebar<\/li>\n<li><strong>Salle Congres \u2013 Salle r\u00e9unions<\/strong><\/li>\n<\/ul>\n<h3>Prix:<\/h3>\n<ul>\n<li><strong>Chambre double sup\u00e9rieur du Euro 70,00 au Euro 90,00<\/strong><\/li>\n<li><strong>Chambre double sup\u00e9rieur \u00e0 usage simple Euro 50,00<\/strong><\/li>\n<\/ul>\n<p><\/div><div class=\"edt-div-shortcode edt-col-2\"><\/p>\n<h3>Chambre sup\u00e9rieur:<\/h3>\n<ul>\n<li>Air climatis\u00e9<\/li>\n<li>TV SAT<\/li>\n<li>T\u00e9l\u00e9phone<\/li>\n<li>Coffre-fort<\/li>\n<li>Mini-frigo<\/li>\n<li>Salle de bain avec box douche et s\u00e8che-cheveux<\/li>\n<\/ul>\n<p><\/div><\/div>\n<p><strong>Les prix comprennent la chambre et petit d\u00e9jeuners inclus.<\/strong><\/p>\n","protected":false},"excerpt":{"rendered":"<p>Pour faire de bonnes affaires il n\u2019y \u00e0 rien de mieux que de passer un s\u00e9jour agr\u00e9able, avec la possibilit\u00e9 de rejoindre la foire rapidement et trouver un h\u00f4tel sympathique, \u00e9l\u00e9gant et hospitalier. Les prix comprennent la chambre et petit d\u00e9jeuners inclus.<\/p>\n","protected":false},"author":1,"featured_media":0,"parent":0,"menu_order":0,"comment_status":"closed","ping_status":"closed","template":"","meta":{"_acf_changed":false},"class_list":["post-616","page","type-page","status-publish"],"acf":[],"_links":{"self":[{"href":"https:\/\/www.h-italia.com\/fr\/wp-json\/wp\/v2\/pages\/616","targetHints":{"allow":["GET"]}}],"collection":[{"href":"https:\/\/www.h-italia.com\/fr\/wp-json\/wp\/v2\/pages"}],"about":[{"href":"https:\/\/www.h-italia.com\/fr\/wp-json\/wp\/v2\/types\/page"}],"author":[{"embeddable":true,"href":"https:\/\/www.h-italia.com\/fr\/wp-json\/wp\/v2\/users\/1"}],"replies":[{"embeddable":true,"href":"https:\/\/www.h-italia.com\/fr\/wp-json\/wp\/v2\/comments?post=616"}],"version-history":[{"count":0,"href":"https:\/\/www.h-italia.com\/fr\/wp-json\/wp\/v2\/pages\/616\/revisions"}],"wp:attachment":[{"href":"https:\/\/www.h-italia.com\/fr\/wp-json\/wp\/v2\/media?parent=616"}],"curies":[{"name":"wp","href":"https:\/\/api.w.org\/{rel}","templated":true}]}}