{"id":642,"date":"2017-10-25T13:17:40","date_gmt":"2017-10-25T11:17:40","guid":{"rendered":"https:\/\/www.h-italia.com\/entroterra\/"},"modified":"2017-12-06T15:23:41","modified_gmt":"2017-12-06T14:23:41","slug":"arriere-pays","status":"publish","type":"page","link":"https:\/\/www.h-italia.com\/fr\/arriere-pays\/","title":{"rendered":"Arriere &#8211; pays"},"content":{"rendered":"<h2>A la d\u00e9couverte des bourgd antiques et paysages \u00e0 couper le souffle.<\/h2>\n<p>Le territoire autour de Bellaria &#8211; Igea Marina est plain <strong>de villages et bourgs du moyen \u00e2ge<\/strong>, o\u00f9 on a gard\u00e9 toutes les <strong>anciennes traditions<\/strong>. D\u00e9couvrez-les avec nous!<\/p>\n<div class=\"edt-row-shortcode row\"><div class=\"edt-div-shortcode edt-col-2\"><\/p>\n<ul>\n<li>Torriana<\/li>\n<li>Gemmano<\/li>\n<li>San Leo<\/li>\n<li>Santarcangelo<\/li>\n<li>Verucchio<\/li>\n<li>Faenza<\/li>\n<\/ul>\n<p><\/div><div class=\"edt-div-shortcode edt-col-2\"><\/p>\n<ul>\n<li>Mercatino Conca &#8211; Montegrimano<\/li>\n<li>Gradara<\/li>\n<li>Valconca<\/li>\n<li>San Marino<\/li>\n<li>Urbino<\/li>\n<\/ul>\n<p><\/div><\/div>\n<p>L&rsquo;arri\u00e8re-pays riche de <strong>bourgs et marveilleux paysages<\/strong>.<\/p>\n","protected":false},"excerpt":{"rendered":"<p>A la d\u00e9couverte des bourgd antiques et paysages \u00e0 couper le souffle. Le territoire autour de Bellaria &#8211; Igea Marina est plain de villages et bourgs du moyen \u00e2ge, o\u00f9 on a gard\u00e9 toutes les anciennes traditions. D\u00e9couvrez-les avec nous! L&rsquo;arri\u00e8re-pays riche de bourgs et marveilleux paysages.<\/p>\n","protected":false},"author":1,"featured_media":0,"parent":0,"menu_order":0,"comment_status":"closed","ping_status":"closed","template":"","meta":{"_acf_changed":false},"class_list":["post-642","page","type-page","status-publish"],"acf":[],"_links":{"self":[{"href":"https:\/\/www.h-italia.com\/fr\/wp-json\/wp\/v2\/pages\/642","targetHints":{"allow":["GET"]}}],"collection":[{"href":"https:\/\/www.h-italia.com\/fr\/wp-json\/wp\/v2\/pages"}],"about":[{"href":"https:\/\/www.h-italia.com\/fr\/wp-json\/wp\/v2\/types\/page"}],"author":[{"embeddable":true,"href":"https:\/\/www.h-italia.com\/fr\/wp-json\/wp\/v2\/users\/1"}],"replies":[{"embeddable":true,"href":"https:\/\/www.h-italia.com\/fr\/wp-json\/wp\/v2\/comments?post=642"}],"version-history":[{"count":0,"href":"https:\/\/www.h-italia.com\/fr\/wp-json\/wp\/v2\/pages\/642\/revisions"}],"wp:attachment":[{"href":"https:\/\/www.h-italia.com\/fr\/wp-json\/wp\/v2\/media?parent=642"}],"curies":[{"name":"wp","href":"https:\/\/api.w.org\/{rel}","templated":true}]}}