{"id":707,"date":"2016-07-29T12:11:55","date_gmt":"2016-07-29T10:11:55","guid":{"rendered":"https:\/\/www.h-italia.com\/pagina-di-esempio\/"},"modified":"2017-12-21T16:29:19","modified_gmt":"2017-12-21T15:29:19","slug":"pagina-di-esempio","status":"publish","type":"page","link":"https:\/\/www.h-italia.com\/fr\/","title":{"rendered":"H\u00f4tel \u00e0 Bellaria Igea Marina"},"content":{"rendered":"<h2>Mer, relax et divertissement!<\/h2>\n<p>L&rsquo;<strong>H\u00f4tel Italia de Bellaria<\/strong> est le lieu id\u00e9al o\u00f9 passer vos vacances dans l\u2019accueillante riviera de Romagne. L&rsquo;H\u00f4tel est un confortable <strong>3 \u00e9toiles situ\u00e9 \u00e0 5 m\u00e8tres de la mer<\/strong> ; il est fourni d\u2019une piscine qui donne sur la plage.<\/p>\n<p>Milieux accueillants et raffin\u00e9s, <strong>chambres confortables<\/strong>, certaines avec <strong>merveilleuse vue mer<\/strong>, une <strong>superbe piscine directement sur la plage<\/strong> et notre salle restaurant o\u00f9, nous en sommes s\u00fbrs, vous passerez d\u2019agr\u00e9ables moments savourant nos <strong>sp\u00e9cialit\u00e9s \u00e0 base de poisson et de viande<\/strong>.<br \/>\nLa destination id\u00e9ale pour le familles, gr\u00e2ce \u00e0 l\u2019attention particuli\u00e8re que nous r\u00e9servons \u00e0 nos petits clients avec de nombreux services qui leurs sont d\u00e9di\u00e9s\u2026<\/p>\n<p>Si vous cherchez un h\u00f4tel o\u00f9 pouvoir passer des vacances inoubliables sous le signe du relax et du divertissement vous \u00eates dans le bon site.<\/p>\n<h3>La Famille Cesari Vous attend \u00e0 Bellaria &#8211; Igea Marina!<\/h3>\n","protected":false},"excerpt":{"rendered":"<p>Mer, relax et divertissement! L&rsquo;H\u00f4tel Italia de Bellaria est le lieu id\u00e9al o\u00f9 passer vos vacances dans l\u2019accueillante riviera de Romagne. L&rsquo;H\u00f4tel est un confortable 3 \u00e9toiles situ\u00e9 \u00e0 5 m\u00e8tres de la mer ; il est fourni d\u2019une piscine qui donne sur la plage. Milieux accueillants et raffin\u00e9s, chambres confortables, certaines avec merveilleuse vue mer, une superbe piscine directement sur la plage et notre salle restaurant o\u00f9, nous en &#8230;<\/p>\n","protected":false},"author":1,"featured_media":1404,"parent":0,"menu_order":0,"comment_status":"closed","ping_status":"closed","template":"","meta":{"_acf_changed":false},"class_list":["post-707","page","type-page","status-publish","has-post-thumbnail"],"acf":[],"_links":{"self":[{"href":"https:\/\/www.h-italia.com\/fr\/wp-json\/wp\/v2\/pages\/707","targetHints":{"allow":["GET"]}}],"collection":[{"href":"https:\/\/www.h-italia.com\/fr\/wp-json\/wp\/v2\/pages"}],"about":[{"href":"https:\/\/www.h-italia.com\/fr\/wp-json\/wp\/v2\/types\/page"}],"author":[{"embeddable":true,"href":"https:\/\/www.h-italia.com\/fr\/wp-json\/wp\/v2\/users\/1"}],"replies":[{"embeddable":true,"href":"https:\/\/www.h-italia.com\/fr\/wp-json\/wp\/v2\/comments?post=707"}],"version-history":[{"count":0,"href":"https:\/\/www.h-italia.com\/fr\/wp-json\/wp\/v2\/pages\/707\/revisions"}],"wp:featuredmedia":[{"embeddable":true,"href":"https:\/\/www.h-italia.com\/fr\/wp-json\/wp\/v2\/media\/1404"}],"wp:attachment":[{"href":"https:\/\/www.h-italia.com\/fr\/wp-json\/wp\/v2\/media?parent=707"}],"curies":[{"name":"wp","href":"https:\/\/api.w.org\/{rel}","templated":true}]}}