{"id":716,"date":"2016-08-01T15:06:50","date_gmt":"2016-08-01T13:06:50","guid":{"rendered":"https:\/\/www.h-italia.com\/camere\/"},"modified":"2017-11-03T15:48:29","modified_gmt":"2017-11-03T14:48:29","slug":"chambres","status":"publish","type":"page","link":"https:\/\/www.h-italia.com\/fr\/chambres\/","title":{"rendered":"Chambres"},"content":{"rendered":"<h2>Notres chambres chaque ann\u00e9e plus confortables!!<\/h2>\n<p>Pour r\u00e9pondre \u00e0 vos d\u00e9sirs, nous souhaitons vous offrir ce qu&rsquo;il y a de mieux. C&rsquo;est pour cela que nous <strong>r\u00e9novons constamment nos chambres et am\u00e9liorons le service et le confort<\/strong>. Vous avez le choix parmi 5 types de s\u00e9jour, qui vous garantiront la plus grande satisfaction pour des vacances de r\u00eave.<\/p>\n","protected":false},"excerpt":{"rendered":"<p>Notres chambres chaque ann\u00e9e plus confortables!! Pour r\u00e9pondre \u00e0 vos d\u00e9sirs, nous souhaitons vous offrir ce qu&rsquo;il y a de mieux. C&rsquo;est pour cela que nous r\u00e9novons constamment nos chambres et am\u00e9liorons le service et le confort. Vous avez le choix parmi 5 types de s\u00e9jour, qui vous garantiront la plus grande satisfaction pour des vacances de r\u00eave.<\/p>\n","protected":false},"author":1,"featured_media":0,"parent":0,"menu_order":0,"comment_status":"closed","ping_status":"closed","template":"template\/template.camere.php","meta":{"_acf_changed":false},"class_list":["post-716","page","type-page","status-publish"],"acf":[],"_links":{"self":[{"href":"https:\/\/www.h-italia.com\/fr\/wp-json\/wp\/v2\/pages\/716","targetHints":{"allow":["GET"]}}],"collection":[{"href":"https:\/\/www.h-italia.com\/fr\/wp-json\/wp\/v2\/pages"}],"about":[{"href":"https:\/\/www.h-italia.com\/fr\/wp-json\/wp\/v2\/types\/page"}],"author":[{"embeddable":true,"href":"https:\/\/www.h-italia.com\/fr\/wp-json\/wp\/v2\/users\/1"}],"replies":[{"embeddable":true,"href":"https:\/\/www.h-italia.com\/fr\/wp-json\/wp\/v2\/comments?post=716"}],"version-history":[{"count":0,"href":"https:\/\/www.h-italia.com\/fr\/wp-json\/wp\/v2\/pages\/716\/revisions"}],"wp:attachment":[{"href":"https:\/\/www.h-italia.com\/fr\/wp-json\/wp\/v2\/media?parent=716"}],"curies":[{"name":"wp","href":"https:\/\/api.w.org\/{rel}","templated":true}]}}