{"id":540,"date":"2017-09-27T10:16:03","date_gmt":"2017-09-27T08:16:03","guid":{"rendered":"https:\/\/www.h-italia.com\/ristorante\/"},"modified":"2017-10-31T11:55:37","modified_gmt":"2017-10-31T10:55:37","slug":"restaurangen","status":"publish","type":"page","link":"https:\/\/www.h-italia.com\/sv\/restaurangen\/","title":{"rendered":"Restaurangen"},"content":{"rendered":"<h2>Hotell Italia erbjuder varje dag, fr\u00e5n och med sin \u00f6ppningsdag, alla sina kunder uts\u00f6kta och ljuvliga matr\u00e4tter i sin luftkonditionerade restaurang med angen\u00e4m och trivsam atmosf\u00e4r.<\/h2>\n<p>P\u00e5 morgonen f\u00f6rbereds flera rika buff\u00e9er f\u00f6r att b\u00f6rja dagen p\u00e5 r\u00e4tt s\u00e4tt. Sedan f\u00f6ljer lunch och middag med utm\u00e4rkta specialiteter, som inspirerats av b\u00e5de det internationella k\u00f6ket och de typiska och smakrika lokala traditionerna, samt ackompanjerade av frestande buff\u00e9er med f\u00f6rr\u00e4tter och gr\u00f6nsaker.<\/p>\n","protected":false},"excerpt":{"rendered":"<p>Hotell Italia erbjuder varje dag, fr\u00e5n och med sin \u00f6ppningsdag, alla sina kunder uts\u00f6kta och ljuvliga matr\u00e4tter i sin luftkonditionerade restaurang med angen\u00e4m och trivsam atmosf\u00e4r. P\u00e5 morgonen f\u00f6rbereds flera rika buff\u00e9er f\u00f6r att b\u00f6rja dagen p\u00e5 r\u00e4tt s\u00e4tt. Sedan f\u00f6ljer lunch och middag med utm\u00e4rkta specialiteter, som inspirerats av b\u00e5de det internationella k\u00f6ket och de typiska och smakrika lokala traditionerna, samt ackompanjerade av frestande buff\u00e9er med f\u00f6rr\u00e4tter och gr\u00f6nsaker.<\/p>\n","protected":false},"author":1,"featured_media":0,"parent":0,"menu_order":0,"comment_status":"closed","ping_status":"closed","template":"","meta":{"_acf_changed":false},"class_list":["post-540","page","type-page","status-publish"],"acf":[],"_links":{"self":[{"href":"https:\/\/www.h-italia.com\/sv\/wp-json\/wp\/v2\/pages\/540","targetHints":{"allow":["GET"]}}],"collection":[{"href":"https:\/\/www.h-italia.com\/sv\/wp-json\/wp\/v2\/pages"}],"about":[{"href":"https:\/\/www.h-italia.com\/sv\/wp-json\/wp\/v2\/types\/page"}],"author":[{"embeddable":true,"href":"https:\/\/www.h-italia.com\/sv\/wp-json\/wp\/v2\/users\/1"}],"replies":[{"embeddable":true,"href":"https:\/\/www.h-italia.com\/sv\/wp-json\/wp\/v2\/comments?post=540"}],"version-history":[{"count":0,"href":"https:\/\/www.h-italia.com\/sv\/wp-json\/wp\/v2\/pages\/540\/revisions"}],"wp:attachment":[{"href":"https:\/\/www.h-italia.com\/sv\/wp-json\/wp\/v2\/media?parent=540"}],"curies":[{"name":"wp","href":"https:\/\/api.w.org\/{rel}","templated":true}]}}