{"id":549,"date":"2017-09-27T10:16:48","date_gmt":"2017-09-27T08:16:48","guid":{"rendered":"https:\/\/www.h-italia.com\/piscina\/"},"modified":"2017-10-31T12:13:40","modified_gmt":"2017-10-31T11:13:40","slug":"swimmingpoolen","status":"publish","type":"page","link":"https:\/\/www.h-italia.com\/sv\/swimmingpoolen\/","title":{"rendered":"Swimmingpoolen"},"content":{"rendered":"<h2>N\u00e4r solen steker och man k\u00e4nner av hettan, s\u00e5 \u00e4r den perfekta l\u00f6sningen en dykning ned i Hotell Italias h\u00e4rliga swimmingpool!<\/h2>\n<p>Kan Ni inte simma, men Ni skulle vilja l\u00e4ra Er? Inget problem, v\u00e5r instrukt\u00f6r Andrea \u00e4r till Er kompletta disposition! <strong>En pool direkt vid havet. <\/strong>Hotell Italias swimmingpool \u00e4r helt unik: den befinner sig endast tre trappsteg fr\u00e5n den underbara stranden i Igea Marina, d\u00e4r de romagnolska badvakterna v\u00e4ntar p\u00e5 Er med deras speciella charm. Endast tre trappsteg f\u00f6r att hitta alla de n\u00f6dv\u00e4ndiga ingredienserna f\u00f6r en semester som helt och h\u00e5llet \u00e4gnas \u00e5t avslappning och sorgl\u00f6shet.<\/p>\n","protected":false},"excerpt":{"rendered":"<p>N\u00e4r solen steker och man k\u00e4nner av hettan, s\u00e5 \u00e4r den perfekta l\u00f6sningen en dykning ned i Hotell Italias h\u00e4rliga swimmingpool! Kan Ni inte simma, men Ni skulle vilja l\u00e4ra Er? Inget problem, v\u00e5r instrukt\u00f6r Andrea \u00e4r till Er kompletta disposition! En pool direkt vid havet. Hotell Italias swimmingpool \u00e4r helt unik: den befinner sig endast tre trappsteg fr\u00e5n den underbara stranden i Igea Marina, d\u00e4r de romagnolska badvakterna v\u00e4ntar &#8230;<\/p>\n","protected":false},"author":1,"featured_media":0,"parent":0,"menu_order":0,"comment_status":"closed","ping_status":"closed","template":"","meta":{"_acf_changed":false},"class_list":["post-549","page","type-page","status-publish"],"acf":[],"_links":{"self":[{"href":"https:\/\/www.h-italia.com\/sv\/wp-json\/wp\/v2\/pages\/549","targetHints":{"allow":["GET"]}}],"collection":[{"href":"https:\/\/www.h-italia.com\/sv\/wp-json\/wp\/v2\/pages"}],"about":[{"href":"https:\/\/www.h-italia.com\/sv\/wp-json\/wp\/v2\/types\/page"}],"author":[{"embeddable":true,"href":"https:\/\/www.h-italia.com\/sv\/wp-json\/wp\/v2\/users\/1"}],"replies":[{"embeddable":true,"href":"https:\/\/www.h-italia.com\/sv\/wp-json\/wp\/v2\/comments?post=549"}],"version-history":[{"count":0,"href":"https:\/\/www.h-italia.com\/sv\/wp-json\/wp\/v2\/pages\/549\/revisions"}],"wp:attachment":[{"href":"https:\/\/www.h-italia.com\/sv\/wp-json\/wp\/v2\/media?parent=549"}],"curies":[{"name":"wp","href":"https:\/\/api.w.org\/{rel}","templated":true}]}}