{"id":557,"date":"2017-09-27T10:33:18","date_gmt":"2017-09-27T08:33:18","guid":{"rendered":"https:\/\/www.h-italia.com\/family-hotel\/"},"modified":"2017-10-31T12:41:47","modified_gmt":"2017-10-31T11:41:47","slug":"barnen","status":"publish","type":"page","link":"https:\/\/www.h-italia.com\/sv\/barnen\/","title":{"rendered":"Barnen"},"content":{"rendered":"<h2>Hotell Italia t\u00e4nker \u00e4ven p\u00e5 de minsta, genom att st\u00e4lla till f\u00f6rfogande ett roligt och f\u00e4rgglatt rum \u00e5t dem.<\/h2>\n<p>Era barn kan leka utan risker, tack vare de leksaker som studerats speciellt f\u00f6r att ge dem maximalt n\u00f6je och s\u00e4kerhet. Hotellet erbjuder Er dessutom barnstolar, barns\u00e4ngar, s\u00e4ngsidobr\u00e4dor och allt n\u00f6dv\u00e4ndigt f\u00f6r att Ni ska kunna njuta av en sk\u00f6n semester med Era barn, samt ett utrymme f\u00f6r att f\u00f6rbereda deras utvalda barnmatsr\u00e4tter och en bilfri zon d\u00e4r man uppf\u00f6r shower och annan underh\u00e5llning, lekparken &#8221;Paperopoli&#8221; utrustad med uppbl\u00e5sta leksaker och ett n\u00f6jesf\u00e4lt. Till slut, om Ni har lust att ta en tur p\u00e5 cykel, s\u00e5 \u00e4r Gelso-parken den r\u00e4tta platsen f\u00f6r Er, f\u00f6r att ge Er all m\u00f6jlig avslappning under s\u00e4kra former.<\/p>\n","protected":false},"excerpt":{"rendered":"<p>Hotell Italia t\u00e4nker \u00e4ven p\u00e5 de minsta, genom att st\u00e4lla till f\u00f6rfogande ett roligt och f\u00e4rgglatt rum \u00e5t dem. Era barn kan leka utan risker, tack vare de leksaker som studerats speciellt f\u00f6r att ge dem maximalt n\u00f6je och s\u00e4kerhet. Hotellet erbjuder Er dessutom barnstolar, barns\u00e4ngar, s\u00e4ngsidobr\u00e4dor och allt n\u00f6dv\u00e4ndigt f\u00f6r att Ni ska kunna njuta av en sk\u00f6n semester med Era barn, samt ett utrymme f\u00f6r att f\u00f6rbereda deras &#8230;<\/p>\n","protected":false},"author":1,"featured_media":0,"parent":0,"menu_order":0,"comment_status":"closed","ping_status":"closed","template":"","meta":{"_acf_changed":false},"class_list":["post-557","page","type-page","status-publish"],"acf":[],"_links":{"self":[{"href":"https:\/\/www.h-italia.com\/sv\/wp-json\/wp\/v2\/pages\/557","targetHints":{"allow":["GET"]}}],"collection":[{"href":"https:\/\/www.h-italia.com\/sv\/wp-json\/wp\/v2\/pages"}],"about":[{"href":"https:\/\/www.h-italia.com\/sv\/wp-json\/wp\/v2\/types\/page"}],"author":[{"embeddable":true,"href":"https:\/\/www.h-italia.com\/sv\/wp-json\/wp\/v2\/users\/1"}],"replies":[{"embeddable":true,"href":"https:\/\/www.h-italia.com\/sv\/wp-json\/wp\/v2\/comments?post=557"}],"version-history":[{"count":0,"href":"https:\/\/www.h-italia.com\/sv\/wp-json\/wp\/v2\/pages\/557\/revisions"}],"wp:attachment":[{"href":"https:\/\/www.h-italia.com\/sv\/wp-json\/wp\/v2\/media?parent=557"}],"curies":[{"name":"wp","href":"https:\/\/api.w.org\/{rel}","templated":true}]}}