{"id":580,"date":"2017-09-27T10:32:43","date_gmt":"2017-09-27T08:32:43","guid":{"rendered":"https:\/\/www.h-italia.com\/spiaggia\/"},"modified":"2017-10-31T15:20:10","modified_gmt":"2017-10-31T14:20:10","slug":"stranden","status":"publish","type":"page","link":"https:\/\/www.h-italia.com\/sv\/stranden\/","title":{"rendered":"Stranden"},"content":{"rendered":"<h2>Hotel Bellaria p\u00e5 havet<\/h2>\n<p>Precis framf\u00f6r Hotell Italia s\u00e5 str\u00e4cker den breda stranden ut sig, d\u00e4r alla kan roa sig eller slappna av helt och h\u00e5llet. Dess fina, vita och alltid rena sand, den l\u00e5nggrunda vattendjup och de f\u00e4rgglada solparasollen g\u00f6r denna platsen till en liten h\u00f6rna i paradiset, l\u00e4mplig f\u00f6r alla. Man kan finna lekplatser och underh\u00e5llning f\u00f6r de minsta, komplett utrustade barer, v\u00e4nliga och utbildade badvakter som vakar noggrant \u00f6ver s\u00e4kerheten f\u00f6r familjerna, som inte beh\u00f6ver g\u00f6ra annat \u00e4n att njuta av den v\u00e4lf\u00f6rtj\u00e4nta semestern. Ist\u00e4llet f\u00f6r den som s\u00f6ker r\u00f6relse och aktion, s\u00e5 har m\u00e5nga anl\u00e4ggningar st\u00e4llt till f\u00f6rfogande olika strukturer f\u00f6r diverse sportaktiviteter p\u00e5 stranden, <strong>typ beach-volley<\/strong>, <strong>beach-fotboll och beach-tennis<\/strong>, men \u00e4ven vattengympa och latinamerikansk gruppdans. Den som vill roa sig har mycket att v\u00e4lja p\u00e5!<\/p>\n","protected":false},"excerpt":{"rendered":"<p>Hotel Bellaria p\u00e5 havet Precis framf\u00f6r Hotell Italia s\u00e5 str\u00e4cker den breda stranden ut sig, d\u00e4r alla kan roa sig eller slappna av helt och h\u00e5llet. Dess fina, vita och alltid rena sand, den l\u00e5nggrunda vattendjup och de f\u00e4rgglada solparasollen g\u00f6r denna platsen till en liten h\u00f6rna i paradiset, l\u00e4mplig f\u00f6r alla. Man kan finna lekplatser och underh\u00e5llning f\u00f6r de minsta, komplett utrustade barer, v\u00e4nliga och utbildade badvakter som vakar &#8230;<\/p>\n","protected":false},"author":1,"featured_media":0,"parent":0,"menu_order":0,"comment_status":"closed","ping_status":"closed","template":"","meta":{"_acf_changed":false},"class_list":["post-580","page","type-page","status-publish"],"acf":[],"_links":{"self":[{"href":"https:\/\/www.h-italia.com\/sv\/wp-json\/wp\/v2\/pages\/580","targetHints":{"allow":["GET"]}}],"collection":[{"href":"https:\/\/www.h-italia.com\/sv\/wp-json\/wp\/v2\/pages"}],"about":[{"href":"https:\/\/www.h-italia.com\/sv\/wp-json\/wp\/v2\/types\/page"}],"author":[{"embeddable":true,"href":"https:\/\/www.h-italia.com\/sv\/wp-json\/wp\/v2\/users\/1"}],"replies":[{"embeddable":true,"href":"https:\/\/www.h-italia.com\/sv\/wp-json\/wp\/v2\/comments?post=580"}],"version-history":[{"count":0,"href":"https:\/\/www.h-italia.com\/sv\/wp-json\/wp\/v2\/pages\/580\/revisions"}],"wp:attachment":[{"href":"https:\/\/www.h-italia.com\/sv\/wp-json\/wp\/v2\/media?parent=580"}],"curies":[{"name":"wp","href":"https:\/\/api.w.org\/{rel}","templated":true}]}}