{"id":591,"date":"2017-09-27T10:14:44","date_gmt":"2017-09-27T08:14:44","guid":{"rendered":"https:\/\/www.h-italia.com\/listino-prezzi\/"},"modified":"2017-12-21T15:23:01","modified_gmt":"2017-12-21T14:23:01","slug":"prislista","status":"publish","type":"page","link":"https:\/\/www.h-italia.com\/sv\/prislista\/","title":{"rendered":"Prislista"},"content":{"rendered":"<table>\n<tbody>\n<tr>\n<td><strong>Sommar 2018<\/strong><\/td>\n<td><a href=\"https:\/\/www.h-italia.com\/sv\/camere\/superior\/\"><strong>Superior<\/strong><\/a><\/td>\n<td><a href=\"https:\/\/www.h-italia.com\/sv\/camere\/comfort-family\/\"><strong>Comfort<\/strong><\/a><br \/>\n<a href=\"https:\/\/www.h-italia.com\/sv\/camere\/comfort-family\/\"> <strong>Family<\/strong><\/a><\/td>\n<td><a href=\"https:\/\/www.h-italia.com\/sv\/camere\/comfort\/\"><strong>Comfor<\/strong><strong>t<\/strong><\/a><\/td>\n<td><a href=\"https:\/\/www.h-italia.com\/sv\/camere\/rum-panorama\/\"><strong>Panorama<\/strong><\/a><br \/>\n<a href=\"https:\/\/www.h-italia.com\/sv\/camere\/rum-panorama\/\"><strong> Junior Suite<\/strong><\/a><\/td>\n<\/tr>\n<tr>\n<td>Maj och Juni<\/td>\n<td>\u00a0\u20ac 73<\/td>\n<td>\u00a0\u20ac 81<\/td>\n<td>\u20ac 69<\/td>\n<td>\u20ac 86<\/td>\n<\/tr>\n<tr>\n<td>Juli<\/td>\n<td>\u00a0\u20ac 77<\/td>\n<td>\u20ac 85<\/td>\n<td>\u20ac 73<\/td>\n<td>\u20ac 90<\/td>\n<\/tr>\n<tr>\n<td>Augusti<\/td>\n<td>\u00a0\u20ac 91<\/td>\n<td>\u20ac 99<\/td>\n<td>\u20ac 87<\/td>\n<td>\u20ac 102<\/td>\n<\/tr>\n<tr>\n<td>September<\/td>\n<td>\u00a0\u20ac 73<\/td>\n<td>\u20ac 81<\/td>\n<td>\u20ac 69<\/td>\n<td>\u20ac 86<\/td>\n<\/tr>\n<\/tbody>\n<\/table>\n<p><strong>\u00d6vernattning och frukost fr\u00e5n<\/strong> Euro 60,00 till Euro 210,00 per dubbelrum om dagen<br \/>\n<strong>Reducering<\/strong>: Halvpension Euro 10,00 om dagen per person<br \/>\n<strong>Till\u00e4gg<\/strong>: Dubbelrum f\u00f6r anv\u00e4ndning som enkelrum Euro 20,00 om dagen<\/p>\n<h2>Rabatter f\u00f6r barn som delar rum med tv\u00e5 vuxna<\/h2>\n<ul>\n<li><strong>Upp till 2 \u00e5r betalar Euro 10,00<\/strong><\/li>\n<li><strong>fr\u00e5n 2 till 11 \u00e5r 50 % rabatt<\/strong><\/li>\n<li><strong>fr\u00e5n 12 \u00e5r 20 % rabatt<\/strong><\/li>\n<\/ul>\n<p>Alla priser \u00e4r per person om dagen med helpension f\u00f6r en vistelse p\u00e5 minst 3 dagar.<\/p>\n<p><strong>All \u2013 inclusive extra<\/strong>: the packet includes 1 beach umbrella and two sun beds on the beach. Euros 106,00 per room for a minimum of 7 days to pay at lifeguard\u2019s.<\/p>\n<p><strong>Weekend och vistelse p\u00e5 mindre \u00e4n 3 dagar<\/strong> g\u00e4ller till\u00e4gg med Euro 12,00 per person om dagen.<\/p>\n<p><em>As confirmation we ask a down payment which, in case of cancellation, won\u2019t be returned. It could be used before the end of the following summer season or given to a third party.<\/em><\/p>\n","protected":false},"excerpt":{"rendered":"<p>Sommar 2018 Superior Comfort Family Comfort Panorama Junior Suite Maj och Juni \u00a0\u20ac 73 \u00a0\u20ac 81 \u20ac 69 \u20ac 86 Juli \u00a0\u20ac 77 \u20ac 85 \u20ac 73 \u20ac 90 Augusti \u00a0\u20ac 91 \u20ac 99 \u20ac 87 \u20ac 102 September \u00a0\u20ac 73 \u20ac 81 \u20ac 69 \u20ac 86 \u00d6vernattning och frukost fr\u00e5n Euro 60,00 till Euro 210,00 per dubbelrum om dagen Reducering: Halvpension Euro 10,00 om dagen per person Till\u00e4gg: Dubbelrum &#8230;<\/p>\n","protected":false},"author":1,"featured_media":0,"parent":0,"menu_order":0,"comment_status":"closed","ping_status":"closed","template":"","meta":{"_acf_changed":false},"class_list":["post-591","page","type-page","status-publish"],"acf":[],"_links":{"self":[{"href":"https:\/\/www.h-italia.com\/sv\/wp-json\/wp\/v2\/pages\/591","targetHints":{"allow":["GET"]}}],"collection":[{"href":"https:\/\/www.h-italia.com\/sv\/wp-json\/wp\/v2\/pages"}],"about":[{"href":"https:\/\/www.h-italia.com\/sv\/wp-json\/wp\/v2\/types\/page"}],"author":[{"embeddable":true,"href":"https:\/\/www.h-italia.com\/sv\/wp-json\/wp\/v2\/users\/1"}],"replies":[{"embeddable":true,"href":"https:\/\/www.h-italia.com\/sv\/wp-json\/wp\/v2\/comments?post=591"}],"version-history":[{"count":0,"href":"https:\/\/www.h-italia.com\/sv\/wp-json\/wp\/v2\/pages\/591\/revisions"}],"wp:attachment":[{"href":"https:\/\/www.h-italia.com\/sv\/wp-json\/wp\/v2\/media?parent=591"}],"curies":[{"name":"wp","href":"https:\/\/api.w.org\/{rel}","templated":true}]}}