{"id":644,"date":"2017-10-25T13:17:40","date_gmt":"2017-10-25T11:17:40","guid":{"rendered":"https:\/\/www.h-italia.com\/entroterra\/"},"modified":"2017-11-02T11:48:24","modified_gmt":"2017-11-02T10:48:24","slug":"inlandet","status":"publish","type":"page","link":"https:\/\/www.h-italia.com\/sv\/inlandet\/","title":{"rendered":"Inlandet"},"content":{"rendered":"<h2>P\u00e5 uppt\u00e4cktsf\u00e4rd bland antika borgar och underbara landskap&#8230;<\/h2>\n<p>Territoriet runt om Bellaria-Igea marina \u00e4r rikt p\u00e5 <strong>landskap och medeltida borgar<\/strong>, som \u00e4n idag har bibeh\u00e5llit <strong>d\u00e5tidens traditioner<\/strong>&#8230;. uppt\u00e4ck dem tillsammans med oss:<\/p>\n<div class=\"edt-row-shortcode row\"><div class=\"edt-div-shortcode edt-col-2\"><\/p>\n<ul>\n<li>Torriana<\/li>\n<li>Gemmano<\/li>\n<li>San Leo<\/li>\n<li>Santarcangelo<\/li>\n<li>Verucchio<\/li>\n<li>Faenza<\/li>\n<\/ul>\n<p><\/div><div class=\"edt-div-shortcode edt-col-2\"><\/p>\n<ul>\n<li>Mercatino Conca &#8211; Montegrimano<\/li>\n<li>Gradara<\/li>\n<li>Valconca<\/li>\n<li>San Marino<\/li>\n<li>Urbino<\/li>\n<\/ul>\n<p><\/div><\/div>\n","protected":false},"excerpt":{"rendered":"<p>P\u00e5 uppt\u00e4cktsf\u00e4rd bland antika borgar och underbara landskap&#8230; Territoriet runt om Bellaria-Igea marina \u00e4r rikt p\u00e5 landskap och medeltida borgar, som \u00e4n idag har bibeh\u00e5llit d\u00e5tidens traditioner&#8230;. uppt\u00e4ck dem tillsammans med oss:<\/p>\n","protected":false},"author":1,"featured_media":0,"parent":0,"menu_order":0,"comment_status":"closed","ping_status":"closed","template":"","meta":{"_acf_changed":false},"class_list":["post-644","page","type-page","status-publish"],"acf":[],"_links":{"self":[{"href":"https:\/\/www.h-italia.com\/sv\/wp-json\/wp\/v2\/pages\/644","targetHints":{"allow":["GET"]}}],"collection":[{"href":"https:\/\/www.h-italia.com\/sv\/wp-json\/wp\/v2\/pages"}],"about":[{"href":"https:\/\/www.h-italia.com\/sv\/wp-json\/wp\/v2\/types\/page"}],"author":[{"embeddable":true,"href":"https:\/\/www.h-italia.com\/sv\/wp-json\/wp\/v2\/users\/1"}],"replies":[{"embeddable":true,"href":"https:\/\/www.h-italia.com\/sv\/wp-json\/wp\/v2\/comments?post=644"}],"version-history":[{"count":0,"href":"https:\/\/www.h-italia.com\/sv\/wp-json\/wp\/v2\/pages\/644\/revisions"}],"wp:attachment":[{"href":"https:\/\/www.h-italia.com\/sv\/wp-json\/wp\/v2\/media?parent=644"}],"curies":[{"name":"wp","href":"https:\/\/api.w.org\/{rel}","templated":true}]}}