{"id":652,"date":"2017-09-15T16:02:24","date_gmt":"2017-09-15T14:02:24","guid":{"rendered":"https:\/\/www.h-italia.com\/dove-siamo\/"},"modified":"2017-11-02T15:32:48","modified_gmt":"2017-11-02T14:32:48","slug":"var-vi-ar","status":"publish","type":"page","link":"https:\/\/www.h-italia.com\/sv\/var-vi-ar\/","title":{"rendered":"Var Vi \u00c4r"},"content":{"rendered":"<h3>Avst\u00e5nd:<\/h3>\n<ul>\n<li>5 Km fr\u00e5n utfarten Rimini Nord<\/li>\n<li>10 Km fr\u00e5n utfarten Rimini Sud<\/li>\n<li>15 Km fr\u00e5n Riminis flygplats<\/li>\n<li>10 Km fr\u00e5n Riminis t\u00e5gstation + buss nr 4 till Bellaria &#8211; Igea Marina &#8211; San Mauro<\/li>\n<\/ul>\n<h3>Med bil:<\/h3>\n<ul>\n<li>Ni l\u00e4mnar motorv\u00e4gen <strong>A14 vid avfarten Rimini Nord<\/strong> och f\u00f6ljer d\u00e4refter indikationerna som ges p\u00e5 kartan f\u00f6r att n\u00e5 Hotell Italia. Autostrade: www.autostrade.it<\/li>\n<\/ul>\n<h3>Med t\u00e5g:<\/h3>\n<ul>\n<li>Fr\u00e5n <strong>Riminis t\u00e5gstation \u00e5ker man t\u00e5glinjen Rimini-Ravenna<\/strong>. N\u00e4r Ni stiger av stationen i Igea Marina s\u00e5 hittar Ni hotellet ca 100 meter d\u00e4rifr\u00e5n. Eller s\u00e5 kan Ni stiga av t\u00e5get i Rimini och fr\u00e5n h\u00e5llplatsen utanf\u00f6r ta buss nr 4 (riktning Bellaria-San Mauro Mare) och stiga av vid bussh\u00e5llplats nr 40 i Igea Marina. T\u00e5g: www.trenitalia.it Buss: www.tram.rimini.it<\/li>\n<\/ul>\n<h3>Med flyg:<\/h3>\n<ul>\n<li><strong>Flygplatsen i Rimini<\/strong> (avst\u00e5nd cirka 15 km)<\/li>\n<li><strong>Flygplatsen Guglielmo Marconi i Bologna<\/strong> (avst\u00e5nd cirka 110 km)<\/li>\n<\/ul>\n","protected":false},"excerpt":{"rendered":"<p>Avst\u00e5nd: 5 Km fr\u00e5n utfarten Rimini Nord 10 Km fr\u00e5n utfarten Rimini Sud 15 Km fr\u00e5n Riminis flygplats 10 Km fr\u00e5n Riminis t\u00e5gstation + buss nr 4 till Bellaria &#8211; Igea Marina &#8211; San Mauro Med bil: Ni l\u00e4mnar motorv\u00e4gen A14 vid avfarten Rimini Nord och f\u00f6ljer d\u00e4refter indikationerna som ges p\u00e5 kartan f\u00f6r att n\u00e5 Hotell Italia. Autostrade: www.autostrade.it Med t\u00e5g: Fr\u00e5n Riminis t\u00e5gstation \u00e5ker man t\u00e5glinjen Rimini-Ravenna. N\u00e4r &#8230;<\/p>\n","protected":false},"author":1,"featured_media":0,"parent":0,"menu_order":0,"comment_status":"closed","ping_status":"closed","template":"template\/template.mappa.php","meta":{"_acf_changed":false},"class_list":["post-652","page","type-page","status-publish"],"acf":[],"_links":{"self":[{"href":"https:\/\/www.h-italia.com\/sv\/wp-json\/wp\/v2\/pages\/652","targetHints":{"allow":["GET"]}}],"collection":[{"href":"https:\/\/www.h-italia.com\/sv\/wp-json\/wp\/v2\/pages"}],"about":[{"href":"https:\/\/www.h-italia.com\/sv\/wp-json\/wp\/v2\/types\/page"}],"author":[{"embeddable":true,"href":"https:\/\/www.h-italia.com\/sv\/wp-json\/wp\/v2\/users\/1"}],"replies":[{"embeddable":true,"href":"https:\/\/www.h-italia.com\/sv\/wp-json\/wp\/v2\/comments?post=652"}],"version-history":[{"count":0,"href":"https:\/\/www.h-italia.com\/sv\/wp-json\/wp\/v2\/pages\/652\/revisions"}],"wp:attachment":[{"href":"https:\/\/www.h-italia.com\/sv\/wp-json\/wp\/v2\/media?parent=652"}],"curies":[{"name":"wp","href":"https:\/\/api.w.org\/{rel}","templated":true}]}}