{"id":718,"date":"2016-08-01T15:06:50","date_gmt":"2016-08-01T13:06:50","guid":{"rendered":"https:\/\/www.h-italia.com\/camere\/"},"modified":"2017-11-03T15:56:35","modified_gmt":"2017-11-03T14:56:35","slug":"rummen","status":"publish","type":"page","link":"https:\/\/www.h-italia.com\/sv\/rummen\/","title":{"rendered":"Rummen"},"content":{"rendered":"<h2>V\u00e5ra rum blir bekv\u00e4mare f\u00f6r vart \u00e5r som g\u00e5r!!<\/h2>\n<p>Ni kan v\u00e4lja p\u00e5 5 olika typer av rum och Ni f\u00e5r en garanti p\u00e5 en semester som \u00e4r klippt och skuren f\u00f6r Er.<\/p>\n","protected":false},"excerpt":{"rendered":"<p>V\u00e5ra rum blir bekv\u00e4mare f\u00f6r vart \u00e5r som g\u00e5r!! Ni kan v\u00e4lja p\u00e5 5 olika typer av rum och Ni f\u00e5r en garanti p\u00e5 en semester som \u00e4r klippt och skuren f\u00f6r Er.<\/p>\n","protected":false},"author":1,"featured_media":0,"parent":0,"menu_order":0,"comment_status":"closed","ping_status":"closed","template":"template\/template.camere.php","meta":{"_acf_changed":false},"class_list":["post-718","page","type-page","status-publish"],"acf":[],"_links":{"self":[{"href":"https:\/\/www.h-italia.com\/sv\/wp-json\/wp\/v2\/pages\/718","targetHints":{"allow":["GET"]}}],"collection":[{"href":"https:\/\/www.h-italia.com\/sv\/wp-json\/wp\/v2\/pages"}],"about":[{"href":"https:\/\/www.h-italia.com\/sv\/wp-json\/wp\/v2\/types\/page"}],"author":[{"embeddable":true,"href":"https:\/\/www.h-italia.com\/sv\/wp-json\/wp\/v2\/users\/1"}],"replies":[{"embeddable":true,"href":"https:\/\/www.h-italia.com\/sv\/wp-json\/wp\/v2\/comments?post=718"}],"version-history":[{"count":0,"href":"https:\/\/www.h-italia.com\/sv\/wp-json\/wp\/v2\/pages\/718\/revisions"}],"wp:attachment":[{"href":"https:\/\/www.h-italia.com\/sv\/wp-json\/wp\/v2\/media?parent=718"}],"curies":[{"name":"wp","href":"https:\/\/api.w.org\/{rel}","templated":true}]}}